{"id":188,"date":"2022-07-15T13:18:49","date_gmt":"2022-07-15T06:18:49","guid":{"rendered":"https:\/\/thanglonggroups.com.vn\/?page_id=188"},"modified":"2022-08-04T16:39:37","modified_gmt":"2022-08-04T09:39:37","slug":"van-hoa-doanh-nghiep","status":"publish","type":"page","link":"https:\/\/pnl-international.com\/en\/van-hoa-doanh-nghiep\/","title":{"rendered":"V\u0103n h\u00f3a doanh nghi\u1ec7p"},"content":{"rendered":"<ul>\n<li>Ch\u00fang t\u00f4i hi\u1ec3u r\u1eb1ng ho\u1ea1t \u0111\u1ed9ng kinh doanh c\u1ee7a c\u00f4ng ty b\u1ecb \u1ea3nh h\u01b0\u1edfng b\u1edfi cu\u1ed9c s\u1ed1ng c\u00e1 nh\u00e2n v\u00e0 ngh\u1ec1 nghi\u1ec7p c\u1ee7a m\u1ed9t ng\u01b0\u1eddi. Ch\u00fang t\u00f4i tuy\u1ec3n d\u1ee5ng nh\u1eefng t\u00e0i n\u0103ng h\u00e0ng \u0111\u1ea7u v\u1edbi tr\u1ecdng t\u00e2m l\u00e0 s\u1ef1 \u0111a d\u1ea1ng v\u00e0 h\u00f2a nh\u1eadp, \u0111\u1ec3 ch\u00fang t\u00f4i ti\u1ebfp t\u1ee5c x\u00e2y d\u1ef1ng TLG nh\u01b0 m\u1ed9t n\u01a1i tuy\u1ec7t v\u1eddi \u0111\u1ec3 l\u00e0m vi\u1ec7c. Nh\u00e2n vi\u00ean c\u1ee7a ch\u00fang t\u00f4i \u0111\u01b0\u1ee3c trang b\u1ecb c\u00e1c c\u00f4ng c\u1ee5, bao g\u1ed3m l\u00e0m gi\u00e0u kinh nghi\u1ec7m chuy\u00ean m\u00f4n, \u0111\u01b0\u1ee3c hu\u1ea5n luy\u1ec7n h\u00e0ng ng\u00e0y, ph\u1ea3n h\u1ed3i k\u1ecbp th\u1eddi v\u00e0 hi\u1ec7u qu\u1ea3, c\u00f3 c\u01a1 h\u1ed9i h\u1ecdc t\u1eadp v\u00e0 ph\u00e1t tri\u1ec3n ch\u1ea5t l\u01b0\u1ee3ng cao. Ch\u00fang t\u00f4i cam k\u1ebft x\u00e2y d\u1ef1ng m\u1ed1i quan h\u1ec7 l\u00e2u d\u00e0i v\u1edbi b\u1ea1n v\u00e0 mang l\u1ea1i gi\u00e1 tr\u1ecb cho doanh nghi\u1ec7p c\u1ee7a b\u1ea1n.<\/li>\n<\/ul>\n","protected":false},"excerpt":{"rendered":"<p>Ch\u00fang t\u00f4i hi\u1ec3u r\u1eb1ng ho\u1ea1t \u0111\u1ed9ng kinh doanh c\u1ee7a c\u00f4ng ty b\u1ecb \u1ea3nh h\u01b0\u1edfng b\u1edfi cu\u1ed9c s\u1ed1ng c\u00e1 nh\u00e2n v\u00e0 ngh\u1ec1 nghi\u1ec7p c\u1ee7a m\u1ed9t ng\u01b0\u1eddi. Ch\u00fang t\u00f4i tuy\u1ec3n d\u1ee5ng nh\u1eefng t\u00e0i n\u0103ng h\u00e0ng \u0111\u1ea7u v\u1edbi tr\u1ecdng t\u00e2m l\u00e0 s\u1ef1 \u0111a d\u1ea1ng v\u00e0 h\u00f2a nh\u1eadp, \u0111\u1ec3 ch\u00fang t\u00f4i ti\u1ebfp t\u1ee5c x\u00e2y d\u1ef1ng TLG nh\u01b0 m\u1ed9t n\u01a1i &hellip; <\/p>\n<p class=\"link-more\"><a href=\"https:\/\/pnl-international.com\/en\/van-hoa-doanh-nghiep\/\" class=\"more-link\">Continue reading<span class=\"screen-reader-text\"> &#8220;V\u0103n h\u00f3a doanh nghi\u1ec7p&#8221;<\/span><\/a><\/p>\n","protected":false},"author":2,"featured_media":0,"parent":0,"menu_order":0,"comment_status":"closed","ping_status":"closed","template":"","meta":[],"acf":[],"yoast_head":"<!-- This site is optimized with the Yoast SEO plugin v19.3 - https:\/\/yoast.com\/wordpress\/plugins\/seo\/ -->\n<title>V\u0103n h\u00f3a doanh nghi\u1ec7p - pnl-international.com<\/title>\n<meta name=\"robots\" content=\"index, follow, max-snippet:-1, max-image-preview:large, max-video-preview:-1\" \/>\n<link rel=\"canonical\" href=\"https:\/\/pnl-international.com\/van-hoa-doanh-nghiep\/\" \/>\n<meta property=\"og:locale\" content=\"en_US\" \/>\n<meta property=\"og:type\" content=\"article\" \/>\n<meta property=\"og:title\" content=\"V\u0103n h\u00f3a doanh nghi\u1ec7p - pnl-international.com\" \/>\n<meta property=\"og:description\" content=\"Ch\u00fang t\u00f4i hi\u1ec3u r\u1eb1ng ho\u1ea1t \u0111\u1ed9ng kinh doanh c\u1ee7a c\u00f4ng ty b\u1ecb \u1ea3nh h\u01b0\u1edfng b\u1edfi cu\u1ed9c s\u1ed1ng c\u00e1 nh\u00e2n v\u00e0 ngh\u1ec1 nghi\u1ec7p c\u1ee7a m\u1ed9t ng\u01b0\u1eddi. Ch\u00fang t\u00f4i tuy\u1ec3n d\u1ee5ng nh\u1eefng t\u00e0i n\u0103ng h\u00e0ng \u0111\u1ea7u v\u1edbi tr\u1ecdng t\u00e2m l\u00e0 s\u1ef1 \u0111a d\u1ea1ng v\u00e0 h\u00f2a nh\u1eadp, \u0111\u1ec3 ch\u00fang t\u00f4i ti\u1ebfp t\u1ee5c x\u00e2y d\u1ef1ng TLG nh\u01b0 m\u1ed9t n\u01a1i &hellip; Continue reading &quot;V\u0103n h\u00f3a doanh nghi\u1ec7p&quot;\" \/>\n<meta property=\"og:url\" content=\"https:\/\/pnl-international.com\/van-hoa-doanh-nghiep\/\" \/>\n<meta property=\"og:site_name\" content=\"pnl-international.com\" \/>\n<meta property=\"article:modified_time\" content=\"2022-08-04T09:39:37+00:00\" \/>\n<meta name=\"twitter:card\" content=\"summary\" \/>\n<meta name=\"twitter:label1\" content=\"Est. reading time\" \/>\n\t<meta name=\"twitter:data1\" content=\"1 minute\" \/>\n<script type=\"application\/ld+json\" class=\"yoast-schema-graph\">{\"@context\":\"https:\/\/schema.org\",\"@graph\":[{\"@type\":\"WebSite\",\"@id\":\"https:\/\/pnl-international.com\/#website\",\"url\":\"https:\/\/pnl-international.com\/\",\"name\":\"pnl-international.com\",\"description\":\"pnl-international.com\",\"potentialAction\":[{\"@type\":\"SearchAction\",\"target\":{\"@type\":\"EntryPoint\",\"urlTemplate\":\"https:\/\/pnl-international.com\/?s={search_term_string}\"},\"query-input\":\"required name=search_term_string\"}],\"inLanguage\":\"en-US\"},{\"@type\":\"WebPage\",\"@id\":\"https:\/\/pnl-international.com\/van-hoa-doanh-nghiep\/\",\"url\":\"https:\/\/pnl-international.com\/van-hoa-doanh-nghiep\/\",\"name\":\"V\u0103n h\u00f3a doanh nghi\u1ec7p - pnl-international.com\",\"isPartOf\":{\"@id\":\"https:\/\/pnl-international.com\/#website\"},\"datePublished\":\"2022-07-15T06:18:49+00:00\",\"dateModified\":\"2022-08-04T09:39:37+00:00\",\"breadcrumb\":{\"@id\":\"https:\/\/pnl-international.com\/van-hoa-doanh-nghiep\/#breadcrumb\"},\"inLanguage\":\"en-US\",\"potentialAction\":[{\"@type\":\"ReadAction\",\"target\":[\"https:\/\/pnl-international.com\/van-hoa-doanh-nghiep\/\"]}]},{\"@type\":\"BreadcrumbList\",\"@id\":\"https:\/\/pnl-international.com\/van-hoa-doanh-nghiep\/#breadcrumb\",\"itemListElement\":[{\"@type\":\"ListItem\",\"position\":1,\"name\":\"Home\",\"item\":\"https:\/\/pnl-international.com\/\"},{\"@type\":\"ListItem\",\"position\":2,\"name\":\"V\u0103n h\u00f3a doanh nghi\u1ec7p\"}]}]}<\/script>\n<!-- \/ Yoast SEO plugin. -->","yoast_head_json":{"title":"V\u0103n h\u00f3a doanh nghi\u1ec7p - pnl-international.com","robots":{"index":"index","follow":"follow","max-snippet":"max-snippet:-1","max-image-preview":"max-image-preview:large","max-video-preview":"max-video-preview:-1"},"canonical":"https:\/\/pnl-international.com\/van-hoa-doanh-nghiep\/","og_locale":"en_US","og_type":"article","og_title":"V\u0103n h\u00f3a doanh nghi\u1ec7p - pnl-international.com","og_description":"Ch\u00fang t\u00f4i hi\u1ec3u r\u1eb1ng ho\u1ea1t \u0111\u1ed9ng kinh doanh c\u1ee7a c\u00f4ng ty b\u1ecb \u1ea3nh h\u01b0\u1edfng b\u1edfi cu\u1ed9c s\u1ed1ng c\u00e1 nh\u00e2n v\u00e0 ngh\u1ec1 nghi\u1ec7p c\u1ee7a m\u1ed9t ng\u01b0\u1eddi. Ch\u00fang t\u00f4i tuy\u1ec3n d\u1ee5ng nh\u1eefng t\u00e0i n\u0103ng h\u00e0ng \u0111\u1ea7u v\u1edbi tr\u1ecdng t\u00e2m l\u00e0 s\u1ef1 \u0111a d\u1ea1ng v\u00e0 h\u00f2a nh\u1eadp, \u0111\u1ec3 ch\u00fang t\u00f4i ti\u1ebfp t\u1ee5c x\u00e2y d\u1ef1ng TLG nh\u01b0 m\u1ed9t n\u01a1i &hellip; Continue reading \"V\u0103n h\u00f3a doanh nghi\u1ec7p\"","og_url":"https:\/\/pnl-international.com\/van-hoa-doanh-nghiep\/","og_site_name":"pnl-international.com","article_modified_time":"2022-08-04T09:39:37+00:00","twitter_card":"summary","twitter_misc":{"Est. reading time":"1 minute"},"schema":{"@context":"https:\/\/schema.org","@graph":[{"@type":"WebSite","@id":"https:\/\/pnl-international.com\/#website","url":"https:\/\/pnl-international.com\/","name":"pnl-international.com","description":"pnl-international.com","potentialAction":[{"@type":"SearchAction","target":{"@type":"EntryPoint","urlTemplate":"https:\/\/pnl-international.com\/?s={search_term_string}"},"query-input":"required name=search_term_string"}],"inLanguage":"en-US"},{"@type":"WebPage","@id":"https:\/\/pnl-international.com\/van-hoa-doanh-nghiep\/","url":"https:\/\/pnl-international.com\/van-hoa-doanh-nghiep\/","name":"V\u0103n h\u00f3a doanh nghi\u1ec7p - pnl-international.com","isPartOf":{"@id":"https:\/\/pnl-international.com\/#website"},"datePublished":"2022-07-15T06:18:49+00:00","dateModified":"2022-08-04T09:39:37+00:00","breadcrumb":{"@id":"https:\/\/pnl-international.com\/van-hoa-doanh-nghiep\/#breadcrumb"},"inLanguage":"en-US","potentialAction":[{"@type":"ReadAction","target":["https:\/\/pnl-international.com\/van-hoa-doanh-nghiep\/"]}]},{"@type":"BreadcrumbList","@id":"https:\/\/pnl-international.com\/van-hoa-doanh-nghiep\/#breadcrumb","itemListElement":[{"@type":"ListItem","position":1,"name":"Home","item":"https:\/\/pnl-international.com\/"},{"@type":"ListItem","position":2,"name":"V\u0103n h\u00f3a doanh nghi\u1ec7p"}]}]}},"_links":{"self":[{"href":"https:\/\/pnl-international.com\/en\/wp-json\/wp\/v2\/pages\/188"}],"collection":[{"href":"https:\/\/pnl-international.com\/en\/wp-json\/wp\/v2\/pages"}],"about":[{"href":"https:\/\/pnl-international.com\/en\/wp-json\/wp\/v2\/types\/page"}],"author":[{"embeddable":true,"href":"https:\/\/pnl-international.com\/en\/wp-json\/wp\/v2\/users\/2"}],"replies":[{"embeddable":true,"href":"https:\/\/pnl-international.com\/en\/wp-json\/wp\/v2\/comments?post=188"}],"version-history":[{"count":2,"href":"https:\/\/pnl-international.com\/en\/wp-json\/wp\/v2\/pages\/188\/revisions"}],"predecessor-version":[{"id":397,"href":"https:\/\/pnl-international.com\/en\/wp-json\/wp\/v2\/pages\/188\/revisions\/397"}],"wp:attachment":[{"href":"https:\/\/pnl-international.com\/en\/wp-json\/wp\/v2\/media?parent=188"}],"curies":[{"name":"wp","href":"https:\/\/api.w.org\/{rel}","templated":true}]}}