{"id":190,"date":"2022-07-15T13:19:43","date_gmt":"2022-07-15T06:19:43","guid":{"rendered":"https:\/\/thanglonggroups.com.vn\/?page_id=190"},"modified":"2022-08-04T16:47:10","modified_gmt":"2022-08-04T09:47:10","slug":"trach-nhiem-doanh-nghiep","status":"publish","type":"page","link":"https:\/\/pnl-international.com\/en\/trach-nhiem-doanh-nghiep\/","title":{"rendered":"Tr\u00e1ch nhi\u1ec7m Doanh nghi\u1ec7p"},"content":{"rendered":"<p><img loading=\"lazy\" class=\"aligncenter wp-post-image\" src=\"https:\/\/haikimgroup.vn\/wp-content\/uploads\/2020\/05\/unnamed.jpg\" sizes=\"(max-width: 512px) 100vw, 512px\" srcset=\"https:\/\/haikimgroup.vn\/wp-content\/uploads\/2020\/05\/unnamed.jpg 512w, https:\/\/haikimgroup.vn\/wp-content\/uploads\/2020\/05\/unnamed-300x225.jpg 300w, https:\/\/haikimgroup.vn\/wp-content\/uploads\/2020\/05\/unnamed-400x300.jpg 400w\" alt=\"\" width=\"512\" height=\"384\" \/><\/p>\n<div class=\"entry-content-wrapper\">\n<div class=\"entry-content\">\n<div class=\"sp_global_notice\"><\/div>\n<p>T\u1ea1i TLG, ch\u00fang t\u00f4i tin ho\u1ea1t \u0111\u1ed9ng kinh doanh c\u00f3 tr\u00e1ch nhi\u1ec7m s\u1ebd mang l\u1ea1i nh\u1eefng thay \u0111\u1ed5i t\u00edch c\u1ef1c cho x\u00e3 h\u1ed9i. Ch\u00fang t\u00f4i lu\u00f4n mong mu\u1ed1n \u0111\u01b0\u1ee3c \u0111\u00f3ng g\u00f3p cho c\u1ed9ng \u0111\u1ed3ng x\u00e3 h\u1ed9i nh\u1eefng g\u00ec \u00fd ngh\u0129a v\u00e0 t\u00edch c\u1ef1c nh\u1ea5t. V\u00ec v\u1eady, t\u1ea7m nh\u00ecn c\u1ee7a ch\u00fang t\u00f4i l\u00e0 ho\u1ea1t \u0111\u1ed9ng kinh doanh \u0111i \u0111\u00f4i v\u1edbi th\u1ef1c hi\u1ec7n ch\u01b0\u01a1ng tr\u00ecnh tr\u00e1ch nhi\u1ec7m x\u00e3 h\u1ed9i, b\u1ec1n v\u1eefng qua th\u1eddi gian, \u0111em l\u1ea1i nh\u1eefng t\u00e1c \u0111\u1ed9ng t\u00edch c\u1ef1c cho c\u00f4ng ty ch\u00fang t\u00f4i c\u0169ng nh\u01b0 c\u1ed9ng \u0111\u1ed3ng.<\/p>\n<\/div>\n<\/div>\n","protected":false},"excerpt":{"rendered":"<p>T\u1ea1i TLG, ch\u00fang t\u00f4i tin ho\u1ea1t \u0111\u1ed9ng kinh doanh c\u00f3 tr\u00e1ch nhi\u1ec7m s\u1ebd mang l\u1ea1i nh\u1eefng thay \u0111\u1ed5i t\u00edch c\u1ef1c cho x\u00e3 h\u1ed9i. Ch\u00fang t\u00f4i lu\u00f4n mong mu\u1ed1n \u0111\u01b0\u1ee3c \u0111\u00f3ng g\u00f3p cho c\u1ed9ng \u0111\u1ed3ng x\u00e3 h\u1ed9i nh\u1eefng g\u00ec \u00fd ngh\u0129a v\u00e0 t\u00edch c\u1ef1c nh\u1ea5t. V\u00ec v\u1eady, t\u1ea7m nh\u00ecn c\u1ee7a ch\u00fang t\u00f4i l\u00e0 ho\u1ea1t \u0111\u1ed9ng kinh &hellip; <\/p>\n<p class=\"link-more\"><a href=\"https:\/\/pnl-international.com\/en\/trach-nhiem-doanh-nghiep\/\" class=\"more-link\">Continue reading<span class=\"screen-reader-text\"> &#8220;Tr\u00e1ch nhi\u1ec7m Doanh nghi\u1ec7p&#8221;<\/span><\/a><\/p>\n","protected":false},"author":2,"featured_media":0,"parent":0,"menu_order":0,"comment_status":"closed","ping_status":"closed","template":"","meta":[],"acf":[],"yoast_head":"<!-- This site is optimized with the Yoast SEO plugin v19.3 - https:\/\/yoast.com\/wordpress\/plugins\/seo\/ -->\n<title>Tr\u00e1ch nhi\u1ec7m Doanh nghi\u1ec7p - pnl-international.com<\/title>\n<meta name=\"robots\" content=\"index, follow, max-snippet:-1, max-image-preview:large, max-video-preview:-1\" \/>\n<link rel=\"canonical\" href=\"https:\/\/pnl-international.com\/trach-nhiem-doanh-nghiep\/\" \/>\n<meta property=\"og:locale\" content=\"en_US\" \/>\n<meta property=\"og:type\" content=\"article\" \/>\n<meta property=\"og:title\" content=\"Tr\u00e1ch nhi\u1ec7m Doanh nghi\u1ec7p - pnl-international.com\" \/>\n<meta property=\"og:description\" content=\"T\u1ea1i TLG, ch\u00fang t\u00f4i tin ho\u1ea1t \u0111\u1ed9ng kinh doanh c\u00f3 tr\u00e1ch nhi\u1ec7m s\u1ebd mang l\u1ea1i nh\u1eefng thay \u0111\u1ed5i t\u00edch c\u1ef1c cho x\u00e3 h\u1ed9i. Ch\u00fang t\u00f4i lu\u00f4n mong mu\u1ed1n \u0111\u01b0\u1ee3c \u0111\u00f3ng g\u00f3p cho c\u1ed9ng \u0111\u1ed3ng x\u00e3 h\u1ed9i nh\u1eefng g\u00ec \u00fd ngh\u0129a v\u00e0 t\u00edch c\u1ef1c nh\u1ea5t. V\u00ec v\u1eady, t\u1ea7m nh\u00ecn c\u1ee7a ch\u00fang t\u00f4i l\u00e0 ho\u1ea1t \u0111\u1ed9ng kinh &hellip; Continue reading &quot;Tr\u00e1ch nhi\u1ec7m Doanh nghi\u1ec7p&quot;\" \/>\n<meta property=\"og:url\" content=\"https:\/\/pnl-international.com\/trach-nhiem-doanh-nghiep\/\" \/>\n<meta property=\"og:site_name\" content=\"pnl-international.com\" \/>\n<meta property=\"article:modified_time\" content=\"2022-08-04T09:47:10+00:00\" \/>\n<meta property=\"og:image\" content=\"https:\/\/haikimgroup.vn\/wp-content\/uploads\/2020\/05\/unnamed.jpg\" \/>\n<meta name=\"twitter:card\" content=\"summary\" \/>\n<meta name=\"twitter:label1\" content=\"Est. reading time\" \/>\n\t<meta name=\"twitter:data1\" content=\"1 minute\" \/>\n<script type=\"application\/ld+json\" class=\"yoast-schema-graph\">{\"@context\":\"https:\/\/schema.org\",\"@graph\":[{\"@type\":\"WebSite\",\"@id\":\"https:\/\/pnl-international.com\/#website\",\"url\":\"https:\/\/pnl-international.com\/\",\"name\":\"pnl-international.com\",\"description\":\"pnl-international.com\",\"potentialAction\":[{\"@type\":\"SearchAction\",\"target\":{\"@type\":\"EntryPoint\",\"urlTemplate\":\"https:\/\/pnl-international.com\/?s={search_term_string}\"},\"query-input\":\"required name=search_term_string\"}],\"inLanguage\":\"en-US\"},{\"@type\":\"ImageObject\",\"inLanguage\":\"en-US\",\"@id\":\"https:\/\/pnl-international.com\/trach-nhiem-doanh-nghiep\/#primaryimage\",\"url\":\"https:\/\/haikimgroup.vn\/wp-content\/uploads\/2020\/05\/unnamed.jpg\",\"contentUrl\":\"https:\/\/haikimgroup.vn\/wp-content\/uploads\/2020\/05\/unnamed.jpg\"},{\"@type\":\"WebPage\",\"@id\":\"https:\/\/pnl-international.com\/trach-nhiem-doanh-nghiep\/\",\"url\":\"https:\/\/pnl-international.com\/trach-nhiem-doanh-nghiep\/\",\"name\":\"Tr\u00e1ch nhi\u1ec7m Doanh nghi\u1ec7p - pnl-international.com\",\"isPartOf\":{\"@id\":\"https:\/\/pnl-international.com\/#website\"},\"primaryImageOfPage\":{\"@id\":\"https:\/\/pnl-international.com\/trach-nhiem-doanh-nghiep\/#primaryimage\"},\"datePublished\":\"2022-07-15T06:19:43+00:00\",\"dateModified\":\"2022-08-04T09:47:10+00:00\",\"breadcrumb\":{\"@id\":\"https:\/\/pnl-international.com\/trach-nhiem-doanh-nghiep\/#breadcrumb\"},\"inLanguage\":\"en-US\",\"potentialAction\":[{\"@type\":\"ReadAction\",\"target\":[\"https:\/\/pnl-international.com\/trach-nhiem-doanh-nghiep\/\"]}]},{\"@type\":\"BreadcrumbList\",\"@id\":\"https:\/\/pnl-international.com\/trach-nhiem-doanh-nghiep\/#breadcrumb\",\"itemListElement\":[{\"@type\":\"ListItem\",\"position\":1,\"name\":\"Home\",\"item\":\"https:\/\/pnl-international.com\/\"},{\"@type\":\"ListItem\",\"position\":2,\"name\":\"Tr\u00e1ch nhi\u1ec7m Doanh nghi\u1ec7p\"}]}]}<\/script>\n<!-- \/ Yoast SEO plugin. -->","yoast_head_json":{"title":"Tr\u00e1ch nhi\u1ec7m Doanh nghi\u1ec7p - pnl-international.com","robots":{"index":"index","follow":"follow","max-snippet":"max-snippet:-1","max-image-preview":"max-image-preview:large","max-video-preview":"max-video-preview:-1"},"canonical":"https:\/\/pnl-international.com\/trach-nhiem-doanh-nghiep\/","og_locale":"en_US","og_type":"article","og_title":"Tr\u00e1ch nhi\u1ec7m Doanh nghi\u1ec7p - pnl-international.com","og_description":"T\u1ea1i TLG, ch\u00fang t\u00f4i tin ho\u1ea1t \u0111\u1ed9ng kinh doanh c\u00f3 tr\u00e1ch nhi\u1ec7m s\u1ebd mang l\u1ea1i nh\u1eefng thay \u0111\u1ed5i t\u00edch c\u1ef1c cho x\u00e3 h\u1ed9i. Ch\u00fang t\u00f4i lu\u00f4n mong mu\u1ed1n \u0111\u01b0\u1ee3c \u0111\u00f3ng g\u00f3p cho c\u1ed9ng \u0111\u1ed3ng x\u00e3 h\u1ed9i nh\u1eefng g\u00ec \u00fd ngh\u0129a v\u00e0 t\u00edch c\u1ef1c nh\u1ea5t. V\u00ec v\u1eady, t\u1ea7m nh\u00ecn c\u1ee7a ch\u00fang t\u00f4i l\u00e0 ho\u1ea1t \u0111\u1ed9ng kinh &hellip; Continue reading \"Tr\u00e1ch nhi\u1ec7m Doanh nghi\u1ec7p\"","og_url":"https:\/\/pnl-international.com\/trach-nhiem-doanh-nghiep\/","og_site_name":"pnl-international.com","article_modified_time":"2022-08-04T09:47:10+00:00","og_image":[{"url":"https:\/\/haikimgroup.vn\/wp-content\/uploads\/2020\/05\/unnamed.jpg"}],"twitter_card":"summary","twitter_misc":{"Est. reading time":"1 minute"},"schema":{"@context":"https:\/\/schema.org","@graph":[{"@type":"WebSite","@id":"https:\/\/pnl-international.com\/#website","url":"https:\/\/pnl-international.com\/","name":"pnl-international.com","description":"pnl-international.com","potentialAction":[{"@type":"SearchAction","target":{"@type":"EntryPoint","urlTemplate":"https:\/\/pnl-international.com\/?s={search_term_string}"},"query-input":"required name=search_term_string"}],"inLanguage":"en-US"},{"@type":"ImageObject","inLanguage":"en-US","@id":"https:\/\/pnl-international.com\/trach-nhiem-doanh-nghiep\/#primaryimage","url":"https:\/\/haikimgroup.vn\/wp-content\/uploads\/2020\/05\/unnamed.jpg","contentUrl":"https:\/\/haikimgroup.vn\/wp-content\/uploads\/2020\/05\/unnamed.jpg"},{"@type":"WebPage","@id":"https:\/\/pnl-international.com\/trach-nhiem-doanh-nghiep\/","url":"https:\/\/pnl-international.com\/trach-nhiem-doanh-nghiep\/","name":"Tr\u00e1ch nhi\u1ec7m Doanh nghi\u1ec7p - pnl-international.com","isPartOf":{"@id":"https:\/\/pnl-international.com\/#website"},"primaryImageOfPage":{"@id":"https:\/\/pnl-international.com\/trach-nhiem-doanh-nghiep\/#primaryimage"},"datePublished":"2022-07-15T06:19:43+00:00","dateModified":"2022-08-04T09:47:10+00:00","breadcrumb":{"@id":"https:\/\/pnl-international.com\/trach-nhiem-doanh-nghiep\/#breadcrumb"},"inLanguage":"en-US","potentialAction":[{"@type":"ReadAction","target":["https:\/\/pnl-international.com\/trach-nhiem-doanh-nghiep\/"]}]},{"@type":"BreadcrumbList","@id":"https:\/\/pnl-international.com\/trach-nhiem-doanh-nghiep\/#breadcrumb","itemListElement":[{"@type":"ListItem","position":1,"name":"Home","item":"https:\/\/pnl-international.com\/"},{"@type":"ListItem","position":2,"name":"Tr\u00e1ch nhi\u1ec7m Doanh nghi\u1ec7p"}]}]}},"_links":{"self":[{"href":"https:\/\/pnl-international.com\/en\/wp-json\/wp\/v2\/pages\/190"}],"collection":[{"href":"https:\/\/pnl-international.com\/en\/wp-json\/wp\/v2\/pages"}],"about":[{"href":"https:\/\/pnl-international.com\/en\/wp-json\/wp\/v2\/types\/page"}],"author":[{"embeddable":true,"href":"https:\/\/pnl-international.com\/en\/wp-json\/wp\/v2\/users\/2"}],"replies":[{"embeddable":true,"href":"https:\/\/pnl-international.com\/en\/wp-json\/wp\/v2\/comments?post=190"}],"version-history":[{"count":2,"href":"https:\/\/pnl-international.com\/en\/wp-json\/wp\/v2\/pages\/190\/revisions"}],"predecessor-version":[{"id":192,"href":"https:\/\/pnl-international.com\/en\/wp-json\/wp\/v2\/pages\/190\/revisions\/192"}],"wp:attachment":[{"href":"https:\/\/pnl-international.com\/en\/wp-json\/wp\/v2\/media?parent=190"}],"curies":[{"name":"wp","href":"https:\/\/api.w.org\/{rel}","templated":true}]}}