{"id":353,"date":"2022-08-04T11:06:39","date_gmt":"2022-08-04T04:06:39","guid":{"rendered":"https:\/\/thanglonggroups.com.vn\/?page_id=353"},"modified":"2022-08-04T11:06:39","modified_gmt":"2022-08-04T04:06:39","slug":"bao-cao-tai-chinh-2","status":"publish","type":"page","link":"https:\/\/pnl-international.com\/en\/bao-cao-tai-chinh-2\/","title":{"rendered":"B\u00e1o c\u00e1o t\u00e0i ch\u00ednh"},"content":{"rendered":"","protected":false},"excerpt":{"rendered":"","protected":false},"author":2,"featured_media":0,"parent":0,"menu_order":0,"comment_status":"closed","ping_status":"closed","template":"","meta":[],"acf":[],"yoast_head":"<!-- This site is optimized with the Yoast SEO plugin v19.3 - https:\/\/yoast.com\/wordpress\/plugins\/seo\/ -->\n<title>B\u00e1o c\u00e1o t\u00e0i ch\u00ednh - pnl-international.com<\/title>\n<meta name=\"robots\" content=\"index, follow, max-snippet:-1, max-image-preview:large, max-video-preview:-1\" \/>\n<link rel=\"canonical\" href=\"https:\/\/pnl-international.com\/bao-cao-tai-chinh-2\/\" \/>\n<meta property=\"og:locale\" content=\"en_US\" \/>\n<meta property=\"og:type\" content=\"article\" \/>\n<meta property=\"og:title\" content=\"B\u00e1o c\u00e1o t\u00e0i ch\u00ednh - pnl-international.com\" \/>\n<meta property=\"og:url\" content=\"https:\/\/pnl-international.com\/bao-cao-tai-chinh-2\/\" \/>\n<meta property=\"og:site_name\" content=\"pnl-international.com\" \/>\n<meta name=\"twitter:card\" content=\"summary\" \/>\n<script type=\"application\/ld+json\" class=\"yoast-schema-graph\">{\"@context\":\"https:\/\/schema.org\",\"@graph\":[{\"@type\":\"WebSite\",\"@id\":\"https:\/\/pnl-international.com\/#website\",\"url\":\"https:\/\/pnl-international.com\/\",\"name\":\"pnl-international.com\",\"description\":\"pnl-international.com\",\"potentialAction\":[{\"@type\":\"SearchAction\",\"target\":{\"@type\":\"EntryPoint\",\"urlTemplate\":\"https:\/\/pnl-international.com\/?s={search_term_string}\"},\"query-input\":\"required name=search_term_string\"}],\"inLanguage\":\"en-US\"},{\"@type\":\"WebPage\",\"@id\":\"https:\/\/pnl-international.com\/bao-cao-tai-chinh-2\/\",\"url\":\"https:\/\/pnl-international.com\/bao-cao-tai-chinh-2\/\",\"name\":\"B\u00e1o c\u00e1o t\u00e0i ch\u00ednh - pnl-international.com\",\"isPartOf\":{\"@id\":\"https:\/\/pnl-international.com\/#website\"},\"datePublished\":\"2022-08-04T04:06:39+00:00\",\"dateModified\":\"2022-08-04T04:06:39+00:00\",\"breadcrumb\":{\"@id\":\"https:\/\/pnl-international.com\/bao-cao-tai-chinh-2\/#breadcrumb\"},\"inLanguage\":\"en-US\",\"potentialAction\":[{\"@type\":\"ReadAction\",\"target\":[\"https:\/\/pnl-international.com\/bao-cao-tai-chinh-2\/\"]}]},{\"@type\":\"BreadcrumbList\",\"@id\":\"https:\/\/pnl-international.com\/bao-cao-tai-chinh-2\/#breadcrumb\",\"itemListElement\":[{\"@type\":\"ListItem\",\"position\":1,\"name\":\"Home\",\"item\":\"https:\/\/pnl-international.com\/\"},{\"@type\":\"ListItem\",\"position\":2,\"name\":\"B\u00e1o c\u00e1o t\u00e0i ch\u00ednh\"}]}]}<\/script>\n<!-- \/ Yoast SEO plugin. -->","yoast_head_json":{"title":"B\u00e1o c\u00e1o t\u00e0i ch\u00ednh - pnl-international.com","robots":{"index":"index","follow":"follow","max-snippet":"max-snippet:-1","max-image-preview":"max-image-preview:large","max-video-preview":"max-video-preview:-1"},"canonical":"https:\/\/pnl-international.com\/bao-cao-tai-chinh-2\/","og_locale":"en_US","og_type":"article","og_title":"B\u00e1o c\u00e1o t\u00e0i ch\u00ednh - pnl-international.com","og_url":"https:\/\/pnl-international.com\/bao-cao-tai-chinh-2\/","og_site_name":"pnl-international.com","twitter_card":"summary","schema":{"@context":"https:\/\/schema.org","@graph":[{"@type":"WebSite","@id":"https:\/\/pnl-international.com\/#website","url":"https:\/\/pnl-international.com\/","name":"pnl-international.com","description":"pnl-international.com","potentialAction":[{"@type":"SearchAction","target":{"@type":"EntryPoint","urlTemplate":"https:\/\/pnl-international.com\/?s={search_term_string}"},"query-input":"required name=search_term_string"}],"inLanguage":"en-US"},{"@type":"WebPage","@id":"https:\/\/pnl-international.com\/bao-cao-tai-chinh-2\/","url":"https:\/\/pnl-international.com\/bao-cao-tai-chinh-2\/","name":"B\u00e1o c\u00e1o t\u00e0i ch\u00ednh - pnl-international.com","isPartOf":{"@id":"https:\/\/pnl-international.com\/#website"},"datePublished":"2022-08-04T04:06:39+00:00","dateModified":"2022-08-04T04:06:39+00:00","breadcrumb":{"@id":"https:\/\/pnl-international.com\/bao-cao-tai-chinh-2\/#breadcrumb"},"inLanguage":"en-US","potentialAction":[{"@type":"ReadAction","target":["https:\/\/pnl-international.com\/bao-cao-tai-chinh-2\/"]}]},{"@type":"BreadcrumbList","@id":"https:\/\/pnl-international.com\/bao-cao-tai-chinh-2\/#breadcrumb","itemListElement":[{"@type":"ListItem","position":1,"name":"Home","item":"https:\/\/pnl-international.com\/"},{"@type":"ListItem","position":2,"name":"B\u00e1o c\u00e1o t\u00e0i ch\u00ednh"}]}]}},"_links":{"self":[{"href":"https:\/\/pnl-international.com\/en\/wp-json\/wp\/v2\/pages\/353"}],"collection":[{"href":"https:\/\/pnl-international.com\/en\/wp-json\/wp\/v2\/pages"}],"about":[{"href":"https:\/\/pnl-international.com\/en\/wp-json\/wp\/v2\/types\/page"}],"author":[{"embeddable":true,"href":"https:\/\/pnl-international.com\/en\/wp-json\/wp\/v2\/users\/2"}],"replies":[{"embeddable":true,"href":"https:\/\/pnl-international.com\/en\/wp-json\/wp\/v2\/comments?post=353"}],"version-history":[{"count":1,"href":"https:\/\/pnl-international.com\/en\/wp-json\/wp\/v2\/pages\/353\/revisions"}],"predecessor-version":[{"id":354,"href":"https:\/\/pnl-international.com\/en\/wp-json\/wp\/v2\/pages\/353\/revisions\/354"}],"wp:attachment":[{"href":"https:\/\/pnl-international.com\/en\/wp-json\/wp\/v2\/media?parent=353"}],"curies":[{"name":"wp","href":"https:\/\/api.w.org\/{rel}","templated":true}]}}