{"id":404,"date":"2022-08-04T16:51:14","date_gmt":"2022-08-04T09:51:14","guid":{"rendered":"https:\/\/thanglonggroups.com.vn\/?page_id=404"},"modified":"2022-08-04T17:08:22","modified_gmt":"2022-08-04T10:08:22","slug":"tu-van-quan-he-co-dong-ir","status":"publish","type":"page","link":"https:\/\/pnl-international.com\/en\/tu-van-quan-he-co-dong-ir\/","title":{"rendered":"T\u01b0 v\u1ea5n quan h\u1ec7 c\u1ed5 \u0111\u00f4ng (IR)"},"content":{"rendered":"<p><img loading=\"lazy\" class=\"alignnone size-full wp-image-233\" src=\"https:\/\/thanglonggroups.com.vn\/wp-content\/uploads\/2022\/07\/images-5.jpg\" alt=\"\" width=\"275\" height=\"183\" \/><\/p>\n<p>Cung c\u1ea5p cho DN gi\u1ea3i ph\u00e1p x\u00e2y d\u1ef1ng, duy tr\u00ec v\u00e0 ph\u00e1t tri\u1ec3n Quan h\u1ec7 v\u1edbi N\u0110T. \u0110\u1ed3ng th\u1eddi, gi\u00fap DN gi\u1ea3m thi\u1ec3u chi ph\u00ed IR v\u00e0 x\u00e2y d\u1ef1ng c\u00f4ng t\u00e1c IR chuy\u00ean nghi\u1ec7p, hi\u1ec7u qu\u1ea3.<\/p>\n<ul>\n<li>T\u01b0 v\u1ea5n x\u00e2y d\u1ef1ng b\u1ed9 ph\u1eadn IR &amp; Ho\u1ea1t \u0111\u1ed9ng Quan h\u1ec7 nh\u00e0 \u0111\u1ea7u t\u01b0<\/li>\n<\/ul>\n<p>\u2013 T\u01b0 v\u1ea5n th\u00e0nh l\u1eadp b\u1ed9 ph\u1eadn IR<\/p>\n<p>\u2013 H\u1ed7 tr\u1ee3 \u0111\u00e0o t\u1ea1o nh\u00e2n s\u1ef1 b\u1ed9 ph\u1eadn IR<\/p>\n<p>\u2013 T\u01b0 v\u1ea5n n\u1ed9i dung c\u00e1c t\u00e0i li\u1ec7u v\u1ec1 DN<\/p>\n<p>\u2013 T\u01b0 v\u1ea5n c\u00e1ch th\u1ee9c truy\u1ec1n \u0111\u1ea1t th\u00f4ng tin ra b\u00ean ngo\u00e0i<\/p>\n<p>\u2013 \u0110\u00e1nh gi\u00e1 k\u1ebft qu\u1ea3 th\u1ef1c hi\u1ec7n c\u00f4ng t\u00e1c IR 6 th\u00e1ng\/l\u1ea7n<\/p>\n<ul>\n<li>\u00a0T\u01b0 v\u1ea5n c\u00e1c ho\u1ea1t \u0111\u1ed9ng ti\u1ebfp x\u00fac v\u1edbi Nh\u00e0 \u0111\u1ea7u t\u01b0 c\u00e1 nh\u00e2n v\u00e0 t\u1ed5 ch\u1ee9c<\/li>\n<\/ul>\n<p>\u2013 Th\u1ef1c hi\u1ec7n c\u00e1c bu\u1ed5i g\u1eb7p g\u1ee1 gi\u1eefa c\u00e1c t\u1ed5 ch\u1ee9c, qu\u1ef9 \u0111\u1ea7u t\u01b0 v\u00e0 DN theo y\u00eau c\u1ea7u<\/p>\n<p>\u2013 H\u1ed7 tr\u1ee3 doanh nghi\u1ec7p th\u1ef1c hi\u1ec7n offshore roadshow ti\u1ebfp x\u00fac v\u1edbi Qu\u1ef9 \u0111\u1ea7u t\u01b0 t\u1ea1i c\u00e1c th\u1ecb tr\u01b0\u1eddng t\u00e0i ch\u00ednh l\u1edbn nh\u01b0 H\u00e0n Qu\u1ed1c, Trung Qu\u1ed1c, Singapore, Hongkong\u2026<\/p>\n<ul>\n<li>\u00a0T\u01b0 v\u1ea5n ho\u1ea1t \u0111\u1ed9ng IR k\u1ebft h\u1ee3p MM<\/li>\n<\/ul>\n<p>\u2013 Th\u1ef1c hi\u1ec7n t\u00e1i C\u01a1 c\u1ea5u C\u1ed5 \u0111\u00f4ng theo y\u00eau c\u1ea7u DN.<\/p>\n<p>\u2013 H\u1ed7 tr\u1ee3 thanh kho\u1ea3n<\/p>\n<p>\u2013 Ph\u00e2n ph\u1ed1i c\u1ed5 phi\u1ebfu<\/p>\n","protected":false},"excerpt":{"rendered":"<p>Cung c\u1ea5p cho DN gi\u1ea3i ph\u00e1p x\u00e2y d\u1ef1ng, duy tr\u00ec v\u00e0 ph\u00e1t tri\u1ec3n Quan h\u1ec7 v\u1edbi N\u0110T. \u0110\u1ed3ng th\u1eddi, gi\u00fap DN gi\u1ea3m thi\u1ec3u chi ph\u00ed IR v\u00e0 x\u00e2y d\u1ef1ng c\u00f4ng t\u00e1c IR chuy\u00ean nghi\u1ec7p, hi\u1ec7u qu\u1ea3. T\u01b0 v\u1ea5n x\u00e2y d\u1ef1ng b\u1ed9 ph\u1eadn IR &amp; Ho\u1ea1t \u0111\u1ed9ng Quan h\u1ec7 nh\u00e0 \u0111\u1ea7u t\u01b0 \u2013 T\u01b0 v\u1ea5n th\u00e0nh &hellip; <\/p>\n<p class=\"link-more\"><a href=\"https:\/\/pnl-international.com\/en\/tu-van-quan-he-co-dong-ir\/\" class=\"more-link\">Continue reading<span class=\"screen-reader-text\"> &#8220;T\u01b0 v\u1ea5n quan h\u1ec7 c\u1ed5 \u0111\u00f4ng (IR)&#8221;<\/span><\/a><\/p>\n","protected":false},"author":2,"featured_media":233,"parent":0,"menu_order":0,"comment_status":"closed","ping_status":"closed","template":"","meta":[],"acf":[],"yoast_head":"<!-- This site is optimized with the Yoast SEO plugin v19.3 - https:\/\/yoast.com\/wordpress\/plugins\/seo\/ -->\n<title>T\u01b0 v\u1ea5n quan h\u1ec7 c\u1ed5 \u0111\u00f4ng (IR) - pnl-international.com<\/title>\n<meta name=\"robots\" content=\"index, follow, max-snippet:-1, max-image-preview:large, max-video-preview:-1\" \/>\n<link rel=\"canonical\" href=\"https:\/\/pnl-international.com\/tu-van-quan-he-co-dong-ir\/\" \/>\n<meta property=\"og:locale\" content=\"en_US\" \/>\n<meta property=\"og:type\" content=\"article\" \/>\n<meta property=\"og:title\" content=\"T\u01b0 v\u1ea5n quan h\u1ec7 c\u1ed5 \u0111\u00f4ng (IR) - pnl-international.com\" \/>\n<meta property=\"og:description\" content=\"Cung c\u1ea5p cho DN gi\u1ea3i ph\u00e1p x\u00e2y d\u1ef1ng, duy tr\u00ec v\u00e0 ph\u00e1t tri\u1ec3n Quan h\u1ec7 v\u1edbi N\u0110T. \u0110\u1ed3ng th\u1eddi, gi\u00fap DN gi\u1ea3m thi\u1ec3u chi ph\u00ed IR v\u00e0 x\u00e2y d\u1ef1ng c\u00f4ng t\u00e1c IR chuy\u00ean nghi\u1ec7p, hi\u1ec7u qu\u1ea3. T\u01b0 v\u1ea5n x\u00e2y d\u1ef1ng b\u1ed9 ph\u1eadn IR &amp; Ho\u1ea1t \u0111\u1ed9ng Quan h\u1ec7 nh\u00e0 \u0111\u1ea7u t\u01b0 \u2013 T\u01b0 v\u1ea5n th\u00e0nh &hellip; Continue reading &quot;T\u01b0 v\u1ea5n quan h\u1ec7 c\u1ed5 \u0111\u00f4ng (IR)&quot;\" \/>\n<meta property=\"og:url\" content=\"https:\/\/pnl-international.com\/tu-van-quan-he-co-dong-ir\/\" \/>\n<meta property=\"og:site_name\" content=\"pnl-international.com\" \/>\n<meta property=\"article:modified_time\" content=\"2022-08-04T10:08:22+00:00\" \/>\n<meta property=\"og:image\" content=\"https:\/\/pnl-international.com\/wp-content\/uploads\/2022\/07\/images-5.jpg\" \/>\n\t<meta property=\"og:image:width\" content=\"275\" \/>\n\t<meta property=\"og:image:height\" content=\"183\" \/>\n\t<meta property=\"og:image:type\" content=\"image\/jpeg\" \/>\n<meta name=\"twitter:card\" content=\"summary\" \/>\n<meta name=\"twitter:label1\" content=\"Est. reading time\" \/>\n\t<meta name=\"twitter:data1\" content=\"2 minutes\" \/>\n<script type=\"application\/ld+json\" class=\"yoast-schema-graph\">{\"@context\":\"https:\/\/schema.org\",\"@graph\":[{\"@type\":\"WebSite\",\"@id\":\"https:\/\/pnl-international.com\/#website\",\"url\":\"https:\/\/pnl-international.com\/\",\"name\":\"pnl-international.com\",\"description\":\"pnl-international.com\",\"potentialAction\":[{\"@type\":\"SearchAction\",\"target\":{\"@type\":\"EntryPoint\",\"urlTemplate\":\"https:\/\/pnl-international.com\/?s={search_term_string}\"},\"query-input\":\"required name=search_term_string\"}],\"inLanguage\":\"en-US\"},{\"@type\":\"ImageObject\",\"inLanguage\":\"en-US\",\"@id\":\"https:\/\/pnl-international.com\/tu-van-quan-he-co-dong-ir\/#primaryimage\",\"url\":\"https:\/\/pnl-international.com\/wp-content\/uploads\/2022\/07\/images-5.jpg\",\"contentUrl\":\"https:\/\/pnl-international.com\/wp-content\/uploads\/2022\/07\/images-5.jpg\",\"width\":275,\"height\":183},{\"@type\":\"WebPage\",\"@id\":\"https:\/\/pnl-international.com\/tu-van-quan-he-co-dong-ir\/\",\"url\":\"https:\/\/pnl-international.com\/tu-van-quan-he-co-dong-ir\/\",\"name\":\"T\u01b0 v\u1ea5n quan h\u1ec7 c\u1ed5 \u0111\u00f4ng (IR) - pnl-international.com\",\"isPartOf\":{\"@id\":\"https:\/\/pnl-international.com\/#website\"},\"primaryImageOfPage\":{\"@id\":\"https:\/\/pnl-international.com\/tu-van-quan-he-co-dong-ir\/#primaryimage\"},\"datePublished\":\"2022-08-04T09:51:14+00:00\",\"dateModified\":\"2022-08-04T10:08:22+00:00\",\"breadcrumb\":{\"@id\":\"https:\/\/pnl-international.com\/tu-van-quan-he-co-dong-ir\/#breadcrumb\"},\"inLanguage\":\"en-US\",\"potentialAction\":[{\"@type\":\"ReadAction\",\"target\":[\"https:\/\/pnl-international.com\/tu-van-quan-he-co-dong-ir\/\"]}]},{\"@type\":\"BreadcrumbList\",\"@id\":\"https:\/\/pnl-international.com\/tu-van-quan-he-co-dong-ir\/#breadcrumb\",\"itemListElement\":[{\"@type\":\"ListItem\",\"position\":1,\"name\":\"Home\",\"item\":\"https:\/\/pnl-international.com\/\"},{\"@type\":\"ListItem\",\"position\":2,\"name\":\"T\u01b0 v\u1ea5n quan h\u1ec7 c\u1ed5 \u0111\u00f4ng (IR)\"}]}]}<\/script>\n<!-- \/ Yoast SEO plugin. -->","yoast_head_json":{"title":"T\u01b0 v\u1ea5n quan h\u1ec7 c\u1ed5 \u0111\u00f4ng (IR) - pnl-international.com","robots":{"index":"index","follow":"follow","max-snippet":"max-snippet:-1","max-image-preview":"max-image-preview:large","max-video-preview":"max-video-preview:-1"},"canonical":"https:\/\/pnl-international.com\/tu-van-quan-he-co-dong-ir\/","og_locale":"en_US","og_type":"article","og_title":"T\u01b0 v\u1ea5n quan h\u1ec7 c\u1ed5 \u0111\u00f4ng (IR) - pnl-international.com","og_description":"Cung c\u1ea5p cho DN gi\u1ea3i ph\u00e1p x\u00e2y d\u1ef1ng, duy tr\u00ec v\u00e0 ph\u00e1t tri\u1ec3n Quan h\u1ec7 v\u1edbi N\u0110T. \u0110\u1ed3ng th\u1eddi, gi\u00fap DN gi\u1ea3m thi\u1ec3u chi ph\u00ed IR v\u00e0 x\u00e2y d\u1ef1ng c\u00f4ng t\u00e1c IR chuy\u00ean nghi\u1ec7p, hi\u1ec7u qu\u1ea3. T\u01b0 v\u1ea5n x\u00e2y d\u1ef1ng b\u1ed9 ph\u1eadn IR &amp; Ho\u1ea1t \u0111\u1ed9ng Quan h\u1ec7 nh\u00e0 \u0111\u1ea7u t\u01b0 \u2013 T\u01b0 v\u1ea5n th\u00e0nh &hellip; Continue reading \"T\u01b0 v\u1ea5n quan h\u1ec7 c\u1ed5 \u0111\u00f4ng (IR)\"","og_url":"https:\/\/pnl-international.com\/tu-van-quan-he-co-dong-ir\/","og_site_name":"pnl-international.com","article_modified_time":"2022-08-04T10:08:22+00:00","og_image":[{"width":275,"height":183,"url":"https:\/\/pnl-international.com\/wp-content\/uploads\/2022\/07\/images-5.jpg","type":"image\/jpeg"}],"twitter_card":"summary","twitter_misc":{"Est. reading time":"2 minutes"},"schema":{"@context":"https:\/\/schema.org","@graph":[{"@type":"WebSite","@id":"https:\/\/pnl-international.com\/#website","url":"https:\/\/pnl-international.com\/","name":"pnl-international.com","description":"pnl-international.com","potentialAction":[{"@type":"SearchAction","target":{"@type":"EntryPoint","urlTemplate":"https:\/\/pnl-international.com\/?s={search_term_string}"},"query-input":"required name=search_term_string"}],"inLanguage":"en-US"},{"@type":"ImageObject","inLanguage":"en-US","@id":"https:\/\/pnl-international.com\/tu-van-quan-he-co-dong-ir\/#primaryimage","url":"https:\/\/pnl-international.com\/wp-content\/uploads\/2022\/07\/images-5.jpg","contentUrl":"https:\/\/pnl-international.com\/wp-content\/uploads\/2022\/07\/images-5.jpg","width":275,"height":183},{"@type":"WebPage","@id":"https:\/\/pnl-international.com\/tu-van-quan-he-co-dong-ir\/","url":"https:\/\/pnl-international.com\/tu-van-quan-he-co-dong-ir\/","name":"T\u01b0 v\u1ea5n quan h\u1ec7 c\u1ed5 \u0111\u00f4ng (IR) - pnl-international.com","isPartOf":{"@id":"https:\/\/pnl-international.com\/#website"},"primaryImageOfPage":{"@id":"https:\/\/pnl-international.com\/tu-van-quan-he-co-dong-ir\/#primaryimage"},"datePublished":"2022-08-04T09:51:14+00:00","dateModified":"2022-08-04T10:08:22+00:00","breadcrumb":{"@id":"https:\/\/pnl-international.com\/tu-van-quan-he-co-dong-ir\/#breadcrumb"},"inLanguage":"en-US","potentialAction":[{"@type":"ReadAction","target":["https:\/\/pnl-international.com\/tu-van-quan-he-co-dong-ir\/"]}]},{"@type":"BreadcrumbList","@id":"https:\/\/pnl-international.com\/tu-van-quan-he-co-dong-ir\/#breadcrumb","itemListElement":[{"@type":"ListItem","position":1,"name":"Home","item":"https:\/\/pnl-international.com\/"},{"@type":"ListItem","position":2,"name":"T\u01b0 v\u1ea5n quan h\u1ec7 c\u1ed5 \u0111\u00f4ng (IR)"}]}]}},"_links":{"self":[{"href":"https:\/\/pnl-international.com\/en\/wp-json\/wp\/v2\/pages\/404"}],"collection":[{"href":"https:\/\/pnl-international.com\/en\/wp-json\/wp\/v2\/pages"}],"about":[{"href":"https:\/\/pnl-international.com\/en\/wp-json\/wp\/v2\/types\/page"}],"author":[{"embeddable":true,"href":"https:\/\/pnl-international.com\/en\/wp-json\/wp\/v2\/users\/2"}],"replies":[{"embeddable":true,"href":"https:\/\/pnl-international.com\/en\/wp-json\/wp\/v2\/comments?post=404"}],"version-history":[{"count":2,"href":"https:\/\/pnl-international.com\/en\/wp-json\/wp\/v2\/pages\/404\/revisions"}],"predecessor-version":[{"id":414,"href":"https:\/\/pnl-international.com\/en\/wp-json\/wp\/v2\/pages\/404\/revisions\/414"}],"wp:featuredmedia":[{"embeddable":true,"href":"https:\/\/pnl-international.com\/en\/wp-json\/wp\/v2\/media\/233"}],"wp:attachment":[{"href":"https:\/\/pnl-international.com\/en\/wp-json\/wp\/v2\/media?parent=404"}],"curies":[{"name":"wp","href":"https:\/\/api.w.org\/{rel}","templated":true}]}}