{"id":618,"date":"2023-05-04T08:36:01","date_gmt":"2023-05-04T01:36:01","guid":{"rendered":"https:\/\/pnl-international.com\/?page_id=618"},"modified":"2023-05-08T08:09:41","modified_gmt":"2023-05-08T01:09:41","slug":"thanh-lap-cong-ty-tnhh-1-thanh-vien","status":"publish","type":"page","link":"https:\/\/pnl-international.com\/en\/thanh-lap-cong-ty-tnhh-1-thanh-vien\/","title":{"rendered":"ESTABLISHMENT OF 1 MEMBER COMPANY LIMITED"},"content":{"rendered":"<p><strong><span>You are visiting the website of the Company \u2013 a long-term company establishment consulting unit in Ho Chi Minh City.\u00a0HCM.\u00a0We understand that you are intending to establish a one-member limited liability company to start a business and turn your business idea into an opportunity to get rich.\u00a0And Viet Luat always accompanies your business from start-up to business process.<\/span><\/strong><\/p>\n<h3><span id=\"1_Ho_so_thanh_lap_cong_ty_TNHH_1_thanh_vien_bao_gom\" class=\"ez-toc-section\"><\/span><strong><span>1. A dossier of establishment of a one-member limited liability company includes:<\/span><\/strong><\/h3>\n<p><strong><span>Only copy of ID card\/passport of capital contributor<\/span><\/strong><span>\u00a0.<\/span><\/p>\n<p><a href=\"https:\/\/translate.google.com\/website?sl=vi&amp;tl=en&amp;hl=vi&amp;client=webapp&amp;u=https:\/\/vietluat.vn\/thanh-lap-cong-ty-tnhh-1-thanh-vien\/cmnd1-3\"><img loading=\"lazy\" class=\"aligncenter size-full wp-image-15635 lazyloaded\" src=\"https:\/\/vietluat.vn\/wp-content\/uploads\/2017\/03\/cmnd1.png\" alt=\"cmnd1\" width=\"430\" height=\"179\" data-src=\"https:\/\/vietluat.vn\/wp-content\/uploads\/2017\/03\/cmnd1.png\" \/><\/a><\/p>\n<h3><span id=\"2_Thoi_gian_thuc_hien\" class=\"ez-toc-section\"><\/span><strong><span>2. Implementation time:<\/span><\/strong><\/h3>\n<ul>\n<li><span>License (Certificate of Business Registration):\u00a0\u00a0<\/span><strong><span>3 working days.<\/span><\/strong><\/li>\n<li><span>Tax code (also the business code).<\/span><\/li>\n<li><span>Round sign (\u00a0<\/span><strong><span>15 minutes)<\/span><\/strong><span>\u00a0.<\/span><\/li>\n<\/ul>\n<p><a href=\"https:\/\/translate.google.com\/website?sl=vi&amp;tl=en&amp;hl=vi&amp;client=webapp&amp;u=https:\/\/vietluat.vn\/thanh-lap-cong-ty-tnhh-1-thanh-vien\/thu-tuc-thanh-lap-cong-ty-2\"><img loading=\"lazy\" class=\"aligncenter size-full wp-image-15636 ls-is-cached lazyloaded\" src=\"https:\/\/vietluat.vn\/wp-content\/uploads\/2017\/03\/thu-tuc-thanh-lap-cong-ty.png\" alt=\"thu-tuc-thanh-lap-cong-ty\" width=\"540\" height=\"174\" data-src=\"https:\/\/vietluat.vn\/wp-content\/uploads\/2017\/03\/thu-tuc-thanh-lap-cong-ty.png\" \/><\/a><\/p>\n<h3><span id=\"3_BANG_GIA_CAC_GOI_DICH_VU_THANH_LAP_CONG_TY_TNHH_1_THANH_VIEN\" class=\"ez-toc-section\"><\/span><strong><span>3. PRICE LIST OF SERVICE PACKAGES FOR ESTABLISHMENT OF 1 MEMBER COMPANY LIMITED<\/span><\/strong><\/h3>\n<table border=\"1px\">\n<tbody>\n<tr>\n<td><strong><span>SERVICE\u00a0\u00a0<\/span><\/strong><strong><span>SETUP PACKAGE<\/span><\/strong><\/td>\n<td><strong><span>PROCEDURE<\/span><\/strong><\/td>\n<\/tr>\n<tr>\n<td>\n<h2><span id=\"GOI_CO_BAN\" class=\"ez-toc-section\"><\/span><strong><span>FEMALE BASIC PACKAGE<\/span><\/strong><\/h2>\n<h2><\/h2>\n<\/td>\n<td><span>1. Set up application for business license and tax identification number.<\/span><br \/>\n<span>2. Engrave company seal \u2013 Fees included at state agencies<\/span><br \/>\n<span>\u2013 Post a statement on the National Business Portal.<\/span><\/td>\n<\/tr>\n<tr>\n<td>\n<h2><span id=\"GOI_A\" class=\"ez-toc-section\"><\/span><strong><span>PACKAGE A<\/span><\/strong><\/h2>\n<\/td>\n<td><span>1. Establishment of a limited company:\u00a0\u00a0<\/span><strong><span>License + Tax code + Box seal.<\/span><\/strong><br \/>\n<span>2. Make a member\/shareholder book.<\/span><br \/>\n<span>3. Post the report on the National Enterprise Portal.<\/span><br \/>\n<span>4. Set up a legal file for tax declaration.<\/span><br \/>\n<span>5. Appoint staff to guide tax declaration.\u2013 Explain to tax authorities.<\/span><br \/>\n<span>&#8211; Advice on invoice printing procedures.<\/span><\/td>\n<\/tr>\n<tr>\n<td>\n<h2><span id=\"GOI_B\" class=\"ez-toc-section\"><\/span><strong><span>PACKAGING<\/span><\/strong><\/h2>\n<h2><\/h2>\n<\/td>\n<td><span>1. Establishment of a limited company:\u00a0\u00a0<\/span><strong><span>License + Tax code + Box seal.<\/span><\/strong><br \/>\n<span>2. Make a member\/shareholder book.<\/span><br \/>\n<span>3. Post the report on the National Enterprise Portal.<\/span><br \/>\n<span>4. Set up a legal file for tax declaration.<\/span><br \/>\n<span>5. Appoint staff to guide tax declaration.<\/span><br \/>\n<span>&#8211; Explain to tax authorities.<\/span><br \/>\n<span title=\"icon_check\"><span>\u00a0 \u00a0 \u00a0 \u00a0 &#8211; Advice on invoice procedures.<\/span><br \/>\n<\/span><span>6. Automatic box mark 1 line of text.<\/span><br \/>\n<span>7. Automatic box mark 3 rows of text.<\/span><br \/>\n<span>8. Company signboard.<\/span><br \/>\n<span>9. Register to open an account at a bank.<\/span><\/td>\n<\/tr>\n<tr>\n<td>\n<h2><span id=\"GOI_C\" class=\"ez-toc-section\"><\/span><strong><span>OLD PACKAGE<\/span><\/strong><\/h2>\n<h2><\/h2>\n<\/td>\n<td><span>1. Establishment of a limited company:\u00a0\u00a0<\/span><strong><span>License + Tax code + Box seal.<\/span><\/strong><br \/>\n<span>2. Make a member\/shareholder book.<\/span><br \/>\n<span>3. Post the report on the National Enterprise Portal.<\/span><br \/>\n<span>4. Set up a legal file for tax declaration.<\/span><br \/>\n<span>5. Appoint staff to guide tax declaration.\u2013 Explain to tax authorities.<\/span><br \/>\n<span>\u2013 Advice on invoice procedures.6.\u00a0Automatic box mark 1 line of text.<\/span><br \/>\n<span>7. Automatic box mark 3 rows of text.<\/span><br \/>\n<span>8. Company signboard.<\/span><br \/>\n<span>9. Register to open an account at a bank.<\/span><br \/>\n<strong><span>10. 100 e-invoice numbers<\/span><\/strong><\/td>\n<\/tr>\n<tr>\n<td>\n<h2><span id=\"GOI_D\" class=\"ez-toc-section\"><\/span><strong><span>EASY PACKAGE<\/span><\/strong><\/h2>\n<h2><\/h2>\n<\/td>\n<td><span>1. Establishment of a limited company:\u00a0\u00a0<\/span><strong><span>License + Tax code + Box seal.<\/span><\/strong><br \/>\n<span>2. Make a member\/shareholder book.<\/span><br \/>\n<span>3. Post the report on the National Enterprise Portal.<\/span><br \/>\n<span>4. Set up a legal file for tax declaration.<\/span><br \/>\n<span>5. Appoint staff to guide tax declaration.\u2013 Explain to tax authorities.<\/span><br \/>\n<span>\u2013 Advice on invoice procedures.6.\u00a0Automatic box mark 1 line of text.<\/span><br \/>\n<span>7. Automatic box mark 3 rows of text.<\/span><br \/>\n<span>8. Company signboard.<\/span><br \/>\n<span>9. Register to open an account at a bank.<\/span><br \/>\n<span>10\u00a0<\/span><strong><span>.\u00a0100 e-invoice numbers.<\/span><br \/>\n<\/strong><span>11\u00a0<\/span><strong><span>.\u00a0Register signature number 01 year.<\/span><br \/>\n<\/strong><span>12\u00a0<\/span><strong><span>.\u00a0Donate token devices.<\/span><\/strong><\/td>\n<\/tr>\n<\/tbody>\n<\/table>\n<p>&nbsp;<\/p>","protected":false},"excerpt":{"rendered":"<p>You are visiting the website of the Company \u2013 a long-term company establishment consulting unit in Ho Chi Minh City.\u00a0HCM.\u00a0We understand that you are intending to establish a one-member limited liability company to start a business and turn your business idea into an opportunity to get rich.\u00a0And Viet Luat always accompanies your business from start-up &hellip; <\/p>\n<p class=\"link-more\"><a href=\"https:\/\/pnl-international.com\/en\/thanh-lap-cong-ty-tnhh-1-thanh-vien\/\" class=\"more-link\">Continue reading<span class=\"screen-reader-text\"> &#8220;ESTABLISHMENT OF 1 MEMBER COMPANY LIMITED&#8221;<\/span><\/a><\/p>\n","protected":false},"author":2,"featured_media":0,"parent":0,"menu_order":0,"comment_status":"closed","ping_status":"closed","template":"","meta":[],"acf":[],"yoast_head":"<!-- This site is optimized with the Yoast SEO plugin v19.3 - https:\/\/yoast.com\/wordpress\/plugins\/seo\/ -->\n<title>ESTABLISHMENT OF 1 MEMBER COMPANY LIMITED - pnl-international.com<\/title>\n<meta name=\"robots\" content=\"index, follow, max-snippet:-1, max-image-preview:large, max-video-preview:-1\" \/>\n<link rel=\"canonical\" href=\"https:\/\/pnl-international.com\/thanh-lap-cong-ty-tnhh-1-thanh-vien\/\" \/>\n<meta property=\"og:locale\" content=\"en_US\" \/>\n<meta property=\"og:type\" content=\"article\" \/>\n<meta property=\"og:title\" content=\"[:vi]TH\u00c0NH L\u1eacP C\u00d4NG TY TNHH 1 TH\u00c0NH VI\u00caN[:en]ESTABLISHMENT OF 1 MEMBER COMPANY LIMITED[:] - pnl-international.com\" \/>\n<meta property=\"og:description\" content=\"You are visiting the website of the Company \u2013 a long-term company establishment consulting unit in Ho Chi Minh City.\u00a0HCM.\u00a0We understand that you are intending to establish a one-member limited liability company to start a business and turn your business idea into an opportunity to get rich.\u00a0And Viet Luat always accompanies your business from start-up &hellip; Continue reading &quot;ESTABLISHMENT OF 1 MEMBER COMPANY LIMITED&quot;\" \/>\n<meta property=\"og:url\" content=\"https:\/\/pnl-international.com\/thanh-lap-cong-ty-tnhh-1-thanh-vien\/\" \/>\n<meta property=\"og:site_name\" content=\"pnl-international.com\" \/>\n<meta property=\"article:modified_time\" content=\"2023-05-08T01:09:41+00:00\" \/>\n<meta property=\"og:image\" content=\"https:\/\/vietluat.vn\/wp-content\/uploads\/2017\/03\/cmnd1.png\" \/>\n<meta name=\"twitter:card\" content=\"summary\" \/>\n<meta name=\"twitter:label1\" content=\"Est. reading time\" \/>\n\t<meta name=\"twitter:data1\" content=\"4 minutes\" \/>\n<script type=\"application\/ld+json\" class=\"yoast-schema-graph\">{\"@context\":\"https:\/\/schema.org\",\"@graph\":[{\"@type\":\"WebSite\",\"@id\":\"https:\/\/pnl-international.com\/#website\",\"url\":\"https:\/\/pnl-international.com\/\",\"name\":\"pnl-international.com\",\"description\":\"pnl-international.com\",\"potentialAction\":[{\"@type\":\"SearchAction\",\"target\":{\"@type\":\"EntryPoint\",\"urlTemplate\":\"https:\/\/pnl-international.com\/?s={search_term_string}\"},\"query-input\":\"required name=search_term_string\"}],\"inLanguage\":\"en-US\"},{\"@type\":\"ImageObject\",\"inLanguage\":\"en-US\",\"@id\":\"https:\/\/pnl-international.com\/thanh-lap-cong-ty-tnhh-1-thanh-vien\/#primaryimage\",\"url\":\"https:\/\/vietluat.vn\/wp-content\/uploads\/2017\/03\/cmnd1.png\",\"contentUrl\":\"https:\/\/vietluat.vn\/wp-content\/uploads\/2017\/03\/cmnd1.png\"},{\"@type\":\"WebPage\",\"@id\":\"https:\/\/pnl-international.com\/thanh-lap-cong-ty-tnhh-1-thanh-vien\/\",\"url\":\"https:\/\/pnl-international.com\/thanh-lap-cong-ty-tnhh-1-thanh-vien\/\",\"name\":\"[:vi]TH\u00c0NH L\u1eacP C\u00d4NG TY TNHH 1 TH\u00c0NH VI\u00caN[:en]ESTABLISHMENT OF 1 MEMBER COMPANY LIMITED[:] - pnl-international.com\",\"isPartOf\":{\"@id\":\"https:\/\/pnl-international.com\/#website\"},\"primaryImageOfPage\":{\"@id\":\"https:\/\/pnl-international.com\/thanh-lap-cong-ty-tnhh-1-thanh-vien\/#primaryimage\"},\"datePublished\":\"2023-05-04T01:36:01+00:00\",\"dateModified\":\"2023-05-08T01:09:41+00:00\",\"breadcrumb\":{\"@id\":\"https:\/\/pnl-international.com\/thanh-lap-cong-ty-tnhh-1-thanh-vien\/#breadcrumb\"},\"inLanguage\":\"en-US\",\"potentialAction\":[{\"@type\":\"ReadAction\",\"target\":[\"https:\/\/pnl-international.com\/thanh-lap-cong-ty-tnhh-1-thanh-vien\/\"]}]},{\"@type\":\"BreadcrumbList\",\"@id\":\"https:\/\/pnl-international.com\/thanh-lap-cong-ty-tnhh-1-thanh-vien\/#breadcrumb\",\"itemListElement\":[{\"@type\":\"ListItem\",\"position\":1,\"name\":\"Home\",\"item\":\"https:\/\/pnl-international.com\/\"},{\"@type\":\"ListItem\",\"position\":2,\"name\":\"TH\u00c0NH L\u1eacP C\u00d4NG TY TNHH 1 TH\u00c0NH VI\u00caN\"}]}]}<\/script>\n<!-- \/ Yoast SEO plugin. -->","yoast_head_json":{"title":"[:vi]TH\u00c0NH L\u1eacP C\u00d4NG TY TNHH 1 TH\u00c0NH VI\u00caN[:en]ESTABLISHMENT OF 1 MEMBER COMPANY LIMITED[:] - pnl-international.com","robots":{"index":"index","follow":"follow","max-snippet":"max-snippet:-1","max-image-preview":"max-image-preview:large","max-video-preview":"max-video-preview:-1"},"canonical":"https:\/\/pnl-international.com\/thanh-lap-cong-ty-tnhh-1-thanh-vien\/","og_locale":"en_US","og_type":"article","og_title":"[:vi]TH\u00c0NH L\u1eacP C\u00d4NG TY TNHH 1 TH\u00c0NH VI\u00caN[:en]ESTABLISHMENT OF 1 MEMBER COMPANY LIMITED[:] - pnl-international.com","og_description":"You are visiting the website of the Company \u2013 a long-term company establishment consulting unit in Ho Chi Minh City.\u00a0HCM.\u00a0We understand that you are intending to establish a one-member limited liability company to start a business and turn your business idea into an opportunity to get rich.\u00a0And Viet Luat always accompanies your business from start-up &hellip; Continue reading \"ESTABLISHMENT OF 1 MEMBER COMPANY LIMITED\"","og_url":"https:\/\/pnl-international.com\/thanh-lap-cong-ty-tnhh-1-thanh-vien\/","og_site_name":"pnl-international.com","article_modified_time":"2023-05-08T01:09:41+00:00","og_image":[{"url":"https:\/\/vietluat.vn\/wp-content\/uploads\/2017\/03\/cmnd1.png"}],"twitter_card":"summary","twitter_misc":{"Est. reading time":"4 minutes"},"schema":{"@context":"https:\/\/schema.org","@graph":[{"@type":"WebSite","@id":"https:\/\/pnl-international.com\/#website","url":"https:\/\/pnl-international.com\/","name":"pnl-international.com","description":"pnl-international.com","potentialAction":[{"@type":"SearchAction","target":{"@type":"EntryPoint","urlTemplate":"https:\/\/pnl-international.com\/?s={search_term_string}"},"query-input":"required name=search_term_string"}],"inLanguage":"en-US"},{"@type":"ImageObject","inLanguage":"en-US","@id":"https:\/\/pnl-international.com\/thanh-lap-cong-ty-tnhh-1-thanh-vien\/#primaryimage","url":"https:\/\/vietluat.vn\/wp-content\/uploads\/2017\/03\/cmnd1.png","contentUrl":"https:\/\/vietluat.vn\/wp-content\/uploads\/2017\/03\/cmnd1.png"},{"@type":"WebPage","@id":"https:\/\/pnl-international.com\/thanh-lap-cong-ty-tnhh-1-thanh-vien\/","url":"https:\/\/pnl-international.com\/thanh-lap-cong-ty-tnhh-1-thanh-vien\/","name":"[:vi]TH\u00c0NH L\u1eacP C\u00d4NG TY TNHH 1 TH\u00c0NH VI\u00caN[:en]ESTABLISHMENT OF 1 MEMBER COMPANY LIMITED[:] - pnl-international.com","isPartOf":{"@id":"https:\/\/pnl-international.com\/#website"},"primaryImageOfPage":{"@id":"https:\/\/pnl-international.com\/thanh-lap-cong-ty-tnhh-1-thanh-vien\/#primaryimage"},"datePublished":"2023-05-04T01:36:01+00:00","dateModified":"2023-05-08T01:09:41+00:00","breadcrumb":{"@id":"https:\/\/pnl-international.com\/thanh-lap-cong-ty-tnhh-1-thanh-vien\/#breadcrumb"},"inLanguage":"en-US","potentialAction":[{"@type":"ReadAction","target":["https:\/\/pnl-international.com\/thanh-lap-cong-ty-tnhh-1-thanh-vien\/"]}]},{"@type":"BreadcrumbList","@id":"https:\/\/pnl-international.com\/thanh-lap-cong-ty-tnhh-1-thanh-vien\/#breadcrumb","itemListElement":[{"@type":"ListItem","position":1,"name":"Home","item":"https:\/\/pnl-international.com\/"},{"@type":"ListItem","position":2,"name":"TH\u00c0NH L\u1eacP C\u00d4NG TY TNHH 1 TH\u00c0NH VI\u00caN"}]}]}},"_links":{"self":[{"href":"https:\/\/pnl-international.com\/en\/wp-json\/wp\/v2\/pages\/618"}],"collection":[{"href":"https:\/\/pnl-international.com\/en\/wp-json\/wp\/v2\/pages"}],"about":[{"href":"https:\/\/pnl-international.com\/en\/wp-json\/wp\/v2\/types\/page"}],"author":[{"embeddable":true,"href":"https:\/\/pnl-international.com\/en\/wp-json\/wp\/v2\/users\/2"}],"replies":[{"embeddable":true,"href":"https:\/\/pnl-international.com\/en\/wp-json\/wp\/v2\/comments?post=618"}],"version-history":[{"count":5,"href":"https:\/\/pnl-international.com\/en\/wp-json\/wp\/v2\/pages\/618\/revisions"}],"predecessor-version":[{"id":770,"href":"https:\/\/pnl-international.com\/en\/wp-json\/wp\/v2\/pages\/618\/revisions\/770"}],"wp:attachment":[{"href":"https:\/\/pnl-international.com\/en\/wp-json\/wp\/v2\/media?parent=618"}],"curies":[{"name":"wp","href":"https:\/\/api.w.org\/{rel}","templated":true}]}}