{"id":620,"date":"2023-05-04T08:36:15","date_gmt":"2023-05-04T01:36:15","guid":{"rendered":"https:\/\/pnl-international.com\/?page_id=620"},"modified":"2023-05-08T08:11:33","modified_gmt":"2023-05-08T01:11:33","slug":"thanh-lap-cong-ty-tnhh-2-thanh-vien-tro-len","status":"publish","type":"page","link":"https:\/\/pnl-international.com\/en\/thanh-lap-cong-ty-tnhh-2-thanh-vien-tro-len\/","title":{"rendered":"ESTABLISHMENT OF COMPANY LIMITED 2 OR MORE MEMBERSHIP"},"content":{"rendered":"<p><\/p>\n<div id=\"content\" class=\"site-content\">\n<div class=\"ast-container\">\n<div id=\"primary\" class=\"content-area primary\">\n<p>&nbsp;<\/p>\n<div class=\"entry-content clear\">\n<div class=\"elementor elementor-1024\">\n<div class=\"elementor-inner\">\n<div class=\"elementor-section-wrap\">\n<section class=\"elementor-element elementor-element-16803a4 elementor-section-boxed elementor-section-height-default elementor-section-height-default elementor-section elementor-top-section\" data-element_type=\"section\">\n<div class=\"elementor-container elementor-column-gap-default\">\n<div class=\"elementor-row\">\n<div class=\"elementor-element elementor-element-67a3c27 elementor-column elementor-col-100 elementor-top-column\" data-element_type=\"column\">\n<article id=\"post-620\" class=\"post-620 page type-page status-publish hentry\">\n<div class=\"entry-content\">\n<div class=\"page-wrapper page-right-sidebar\">\n<div class=\"row\">\n<div id=\"content\" class=\"large-9 left col col-divided\" role=\"main\">\n<div class=\"page-inner\">\n<p><strong>You are visiting the website Company &#8211; a\u00a0 <\/strong><strong>\u00a0senior consulting firm\u00a0<\/strong><strong>in establishing a company in Ho Chi Minh City.\u00a0<\/strong><strong>HCM. We understand that you are intending to establish a limited liability company with 2 or more members to start your business and turn your business idea into an opportunity to get rich. And we always accompanies your business from start-up to business process.<\/strong><\/p>\n<h3><span id=\"1_Ho_so_thanh_lap_cong_ty_TNHH_2_thanh_vien_tro_len_bao_gom\" class=\"ez-toc-section\"><\/span><strong>1. Dossier to establish a limited liability company with 2 or more members including: only\u00a0<\/strong><strong>\u00a0a copy of the ID card\/passport of the capital contributing member<\/strong>\u00a0.<\/h3>\n<p><img loading=\"lazy\" class=\"size-full wp-image-11978 aligncenter lazyloaded\" src=\"https:\/\/vietluat.vn\/wp-content\/uploads\/2016\/06\/cmnd1.png\" alt=\"cmnd1\" width=\"430\" height=\"179\" data-src=\"https:\/\/vietluat.vn\/wp-content\/uploads\/2016\/06\/cmnd1.png\" \/><\/p>\n<h3><span id=\"2_Thoi_gian_thuc_hien\" class=\"ez-toc-section\"><\/span><strong>2. Implementation time:<\/strong><\/h3>\n<ul>\n<li>License (Certificate of Business Registration):\u00a0\u00a0<strong>3 working days.<\/strong><\/li>\n<li>Tax code (also the business code).<\/li>\n<li>Round sign (\u00a0<strong>15 minutes)<\/strong>\u00a0.<\/li>\n<\/ul>\n<p><a href=\"https:\/\/translate.google.com\/website?sl=vi&amp;tl=en&amp;hl=vi&amp;client=webapp&amp;u=https:\/\/vietluat.vn\/thanh-lap-cong-ty-tnhh-2-thanh-vien-tro-len\/thu-tuc-thanh-lap-cong-ty-5\"><img loading=\"lazy\" class=\"aligncenter size-full wp-image-16197 lazyloaded\" src=\"https:\/\/vietluat.vn\/wp-content\/uploads\/2017\/05\/thu-tuc-thanh-lap-cong-ty.png\" alt=\"thu-tuc-thanh-lap-cong-ty\" width=\"540\" height=\"174\" data-src=\"https:\/\/vietluat.vn\/wp-content\/uploads\/2017\/05\/thu-tuc-thanh-lap-cong-ty.png\" \/><\/a><\/p>\n<h3><span id=\"3_BANG_GIA_CAC_GOI_DICH_VU_THANH_LAP_TNHH_2_THANH_VIEN_TRO_LEN\" class=\"ez-toc-section\"><\/span><strong>3. PRICE LIST OF SERVICE PACKAGES FOR ESTABLISHMENT OF LIMITED 2 MEMBERS AND MORE<\/strong><\/h3>\n<table border=\"0\">\n<tbody>\n<tr>\n<td><strong>SERVICE\u00a0\u00a0<\/strong><strong>SETUP PACKAGE<\/strong><\/td>\n<td><strong>PROCEDURE<\/strong><\/td>\n<\/tr>\n<tr>\n<td>\n<h2><span id=\"GOI_CO_BAN\" class=\"ez-toc-section\"><\/span><strong>FEMALE BASIC PACKAGE<\/strong><span id=\"1800000VND\" class=\"ez-toc-section\"><\/span><\/h2>\n<\/td>\n<td>1. Set up application for business license and tax identification number.<br \/>\n2. Engraved company seal<\/p>\n<ul>\n<li>\n<ul>\n<li>Fees at government agencies are included<\/li>\n<li>Post a statement on the National Enterprise Portal.<\/li>\n<\/ul>\n<\/li>\n<\/ul>\n<\/td>\n<\/tr>\n<tr>\n<td>\n<h2><span id=\"GOI_A\" class=\"ez-toc-section\"><\/span><strong>PACKAGE A<\/strong><\/h2>\n<\/td>\n<td>1. Establishment of a limited company:\u00a0\u00a0<strong>License + Tax code + Box seal.<\/strong><br \/>\n2. Make a member\/shareholder book.<br \/>\n3. Post the report on the National Enterprise Portal.<br \/>\n4. Set up a legal file for tax declaration.<br \/>\n5. Appoint staff to guide tax declaration.<\/p>\n<ul>\n<li>\n<ul>\n<li>Explain to tax authorities.<\/li>\n<li><span title=\"icon_check\">Advice on printing invoices.<\/span><\/li>\n<\/ul>\n<\/li>\n<\/ul>\n<\/td>\n<\/tr>\n<tr>\n<td>\n<h2><span id=\"GOI_B\" class=\"ez-toc-section\"><\/span><strong>PACKAGING<\/strong><\/h2>\n<h2><\/h2>\n<\/td>\n<td>1. Establishment of a limited company:\u00a0\u00a0<strong>License + Tax code + Box seal.<\/strong><br \/>\n2. Make a member\/shareholder book.<br \/>\n3. Post the report on the National Enterprise Portal.<br \/>\n4. Set up a legal file for tax declaration.<br \/>\n5. Appoint staff to guide tax declaration.<\/p>\n<ul>\n<li>\n<ul>\n<li>Explain to tax authorities.<\/li>\n<li><span title=\"icon_check\">Advice on invoice procedures.<\/span><\/li>\n<\/ul>\n<\/li>\n<\/ul>\n<p>6. Automatic box mark 1 line of text.<br \/>\n7. Automatic box mark 3 rows of text.<br \/>\n8. Company signboard.<br \/>\n9. Register to open an account at a bank.<\/td>\n<\/tr>\n<tr>\n<td>\n<h2><span id=\"GOI_C\" class=\"ez-toc-section\"><\/span><strong>OLD PACKAGE<\/strong><\/h2>\n<h2><\/h2>\n<\/td>\n<td>1. Establishment of a limited company:\u00a0\u00a0<strong>License + Tax code + Box seal.<\/strong><br \/>\n2. Make a member\/shareholder book.<br \/>\n3. Post the report on the National Enterprise Portal.<br \/>\n4. Set up a legal file for tax declaration.<br \/>\n5. Appoint staff to guide tax declaration.<\/p>\n<ul>\n<li>\n<ul>\n<li>Explain to tax authorities.<\/li>\n<li>Advice on invoice procedures.<\/li>\n<\/ul>\n<\/li>\n<\/ul>\n<p>6. Automatic box mark 1 line of text.<br \/>\n7. Automatic box mark 3 rows of text.<br \/>\n8. Company signboard.<br \/>\n9. Register to open an account at a bank.<br \/>\n10.\u00a0\u00a0<strong>100 e-invoice numbers.<\/strong><\/td>\n<\/tr>\n<tr>\n<td>\n<h2><span id=\"GOI_D\" class=\"ez-toc-section\"><\/span><strong>EASY PACKAGE<\/strong><\/h2>\n<h2><\/h2>\n<\/td>\n<td>1. Establishment of a limited company:\u00a0\u00a0<strong>License + Tax code + Box seal.<\/strong><br \/>\n2. Make a member\/shareholder book.<br \/>\n3. Post the report on the National Enterprise Portal.<br \/>\n4. Set up a legal file for tax declaration.<br \/>\n5. Appoint staff to guide tax declaration.<\/p>\n<ul>\n<li>\n<ul>\n<li>Explain to tax authorities.<\/li>\n<li>Advice on invoice procedures.<\/li>\n<\/ul>\n<\/li>\n<\/ul>\n<p>6. Automatic box mark 1 line of text.<br \/>\n7. Automatic box mark 3 rows of text.<br \/>\n8. Company signboard.<br \/>\n9. Register to open an account at a bank.<br \/>\n10\u00a0<strong>.\u00a0100 e-invoice numbers.<br \/>\n<\/strong>11\u00a0<strong>.\u00a0Register for 1 year\u00a0\u00a0<a href=\"https:\/\/translate.google.com\/website?sl=vi&amp;tl=en&amp;hl=vi&amp;client=webapp&amp;u=https:\/\/vietluat.vn\/chu-ky-so\">of digital signature<\/a>\u00a0\u00a0.<br \/>\n<\/strong>12.\u00a0<strong>\u00a0Give away token devices.<\/strong><\/td>\n<\/tr>\n<\/tbody>\n<\/table>\n<\/div>\n<\/div>\n<\/div>\n<\/div>\n<p>&nbsp;<\/p>\n<\/div>\n<\/article>\n<\/div>\n<\/div>\n<\/div>\n<\/section>\n<\/div>\n<\/div>\n<\/div>\n<\/div>\n<p>&nbsp;<\/p>\n<\/div>\n<\/div>\n<\/div>\n<footer id=\"colophon\" class=\"site-footer\" role=\"contentinfo\">\n<div class=\"footer1\">\n<div class=\"container grid wide\">\n<div class=\"row\">\n<div class=\"box_footer_social col l-4 m-4 c-12\"><\/div>\n<\/div>\n<\/div>\n<\/div>\n<\/footer>\n<p><\/p>","protected":false},"excerpt":{"rendered":"<p>&nbsp; You are visiting the website Company &#8211; a\u00a0 \u00a0senior consulting firm\u00a0in establishing a company in Ho Chi Minh City.\u00a0HCM. We understand that you are intending to establish a limited liability company with 2 or more members to start your business and turn your business idea into an opportunity to get rich. And we always &hellip; <\/p>\n<p class=\"link-more\"><a href=\"https:\/\/pnl-international.com\/en\/thanh-lap-cong-ty-tnhh-2-thanh-vien-tro-len\/\" class=\"more-link\">Continue reading<span class=\"screen-reader-text\"> &#8220;ESTABLISHMENT OF COMPANY LIMITED 2 OR MORE MEMBERSHIP&#8221;<\/span><\/a><\/p>\n","protected":false},"author":2,"featured_media":0,"parent":0,"menu_order":0,"comment_status":"closed","ping_status":"closed","template":"","meta":[],"acf":[],"yoast_head":"<!-- This site is optimized with the Yoast SEO plugin v19.3 - https:\/\/yoast.com\/wordpress\/plugins\/seo\/ -->\n<title>ESTABLISHMENT OF COMPANY LIMITED 2 OR MORE MEMBERSHIP - pnl-international.com<\/title>\n<meta name=\"robots\" content=\"index, follow, max-snippet:-1, max-image-preview:large, max-video-preview:-1\" \/>\n<link rel=\"canonical\" href=\"https:\/\/pnl-international.com\/thanh-lap-cong-ty-tnhh-2-thanh-vien-tro-len\/\" \/>\n<meta property=\"og:locale\" content=\"en_US\" \/>\n<meta property=\"og:type\" content=\"article\" \/>\n<meta property=\"og:title\" content=\"[:vi]TH\u00c0NH L\u1eacP C\u00d4NG TY TNHH 2 TH\u00c0NH VI\u00caN TR\u1ede L\u00caN[:en]ESTABLISHMENT OF COMPANY LIMITED 2 OR MORE MEMBERSHIP[:] - pnl-international.com\" \/>\n<meta property=\"og:description\" content=\"&nbsp; You are visiting the website Company &#8211; a\u00a0 \u00a0senior consulting firm\u00a0in establishing a company in Ho Chi Minh City.\u00a0HCM. We understand that you are intending to establish a limited liability company with 2 or more members to start your business and turn your business idea into an opportunity to get rich. And we always &hellip; Continue reading &quot;ESTABLISHMENT OF COMPANY LIMITED 2 OR MORE MEMBERSHIP&quot;\" \/>\n<meta property=\"og:url\" content=\"https:\/\/pnl-international.com\/thanh-lap-cong-ty-tnhh-2-thanh-vien-tro-len\/\" \/>\n<meta property=\"og:site_name\" content=\"pnl-international.com\" \/>\n<meta property=\"article:modified_time\" content=\"2023-05-08T01:11:33+00:00\" \/>\n<meta property=\"og:image\" content=\"https:\/\/vietluat.vn\/wp-content\/uploads\/2016\/06\/cmnd1.png\" \/>\n<meta name=\"twitter:card\" content=\"summary\" \/>\n<meta name=\"twitter:label1\" content=\"Est. reading time\" \/>\n\t<meta name=\"twitter:data1\" content=\"3 minutes\" \/>\n<script type=\"application\/ld+json\" class=\"yoast-schema-graph\">{\"@context\":\"https:\/\/schema.org\",\"@graph\":[{\"@type\":\"WebSite\",\"@id\":\"https:\/\/pnl-international.com\/#website\",\"url\":\"https:\/\/pnl-international.com\/\",\"name\":\"pnl-international.com\",\"description\":\"pnl-international.com\",\"potentialAction\":[{\"@type\":\"SearchAction\",\"target\":{\"@type\":\"EntryPoint\",\"urlTemplate\":\"https:\/\/pnl-international.com\/?s={search_term_string}\"},\"query-input\":\"required name=search_term_string\"}],\"inLanguage\":\"en-US\"},{\"@type\":\"ImageObject\",\"inLanguage\":\"en-US\",\"@id\":\"https:\/\/pnl-international.com\/thanh-lap-cong-ty-tnhh-2-thanh-vien-tro-len\/#primaryimage\",\"url\":\"https:\/\/vietluat.vn\/wp-content\/uploads\/2016\/06\/cmnd1.png\",\"contentUrl\":\"https:\/\/vietluat.vn\/wp-content\/uploads\/2016\/06\/cmnd1.png\"},{\"@type\":\"WebPage\",\"@id\":\"https:\/\/pnl-international.com\/thanh-lap-cong-ty-tnhh-2-thanh-vien-tro-len\/\",\"url\":\"https:\/\/pnl-international.com\/thanh-lap-cong-ty-tnhh-2-thanh-vien-tro-len\/\",\"name\":\"[:vi]TH\u00c0NH L\u1eacP C\u00d4NG TY TNHH 2 TH\u00c0NH VI\u00caN TR\u1ede L\u00caN[:en]ESTABLISHMENT OF COMPANY LIMITED 2 OR MORE MEMBERSHIP[:] - pnl-international.com\",\"isPartOf\":{\"@id\":\"https:\/\/pnl-international.com\/#website\"},\"primaryImageOfPage\":{\"@id\":\"https:\/\/pnl-international.com\/thanh-lap-cong-ty-tnhh-2-thanh-vien-tro-len\/#primaryimage\"},\"datePublished\":\"2023-05-04T01:36:15+00:00\",\"dateModified\":\"2023-05-08T01:11:33+00:00\",\"breadcrumb\":{\"@id\":\"https:\/\/pnl-international.com\/thanh-lap-cong-ty-tnhh-2-thanh-vien-tro-len\/#breadcrumb\"},\"inLanguage\":\"en-US\",\"potentialAction\":[{\"@type\":\"ReadAction\",\"target\":[\"https:\/\/pnl-international.com\/thanh-lap-cong-ty-tnhh-2-thanh-vien-tro-len\/\"]}]},{\"@type\":\"BreadcrumbList\",\"@id\":\"https:\/\/pnl-international.com\/thanh-lap-cong-ty-tnhh-2-thanh-vien-tro-len\/#breadcrumb\",\"itemListElement\":[{\"@type\":\"ListItem\",\"position\":1,\"name\":\"Home\",\"item\":\"https:\/\/pnl-international.com\/\"},{\"@type\":\"ListItem\",\"position\":2,\"name\":\"TH\u00c0NH L\u1eacP C\u00d4NG TY TNHH 2 TH\u00c0NH VI\u00caN TR\u1ede L\u00caN\"}]}]}<\/script>\n<!-- \/ Yoast SEO plugin. -->","yoast_head_json":{"title":"[:vi]TH\u00c0NH L\u1eacP C\u00d4NG TY TNHH 2 TH\u00c0NH VI\u00caN TR\u1ede L\u00caN[:en]ESTABLISHMENT OF COMPANY LIMITED 2 OR MORE MEMBERSHIP[:] - pnl-international.com","robots":{"index":"index","follow":"follow","max-snippet":"max-snippet:-1","max-image-preview":"max-image-preview:large","max-video-preview":"max-video-preview:-1"},"canonical":"https:\/\/pnl-international.com\/thanh-lap-cong-ty-tnhh-2-thanh-vien-tro-len\/","og_locale":"en_US","og_type":"article","og_title":"[:vi]TH\u00c0NH L\u1eacP C\u00d4NG TY TNHH 2 TH\u00c0NH VI\u00caN TR\u1ede L\u00caN[:en]ESTABLISHMENT OF COMPANY LIMITED 2 OR MORE MEMBERSHIP[:] - pnl-international.com","og_description":"&nbsp; You are visiting the website Company &#8211; a\u00a0 \u00a0senior consulting firm\u00a0in establishing a company in Ho Chi Minh City.\u00a0HCM. We understand that you are intending to establish a limited liability company with 2 or more members to start your business and turn your business idea into an opportunity to get rich. And we always &hellip; Continue reading \"ESTABLISHMENT OF COMPANY LIMITED 2 OR MORE MEMBERSHIP\"","og_url":"https:\/\/pnl-international.com\/thanh-lap-cong-ty-tnhh-2-thanh-vien-tro-len\/","og_site_name":"pnl-international.com","article_modified_time":"2023-05-08T01:11:33+00:00","og_image":[{"url":"https:\/\/vietluat.vn\/wp-content\/uploads\/2016\/06\/cmnd1.png"}],"twitter_card":"summary","twitter_misc":{"Est. reading time":"3 minutes"},"schema":{"@context":"https:\/\/schema.org","@graph":[{"@type":"WebSite","@id":"https:\/\/pnl-international.com\/#website","url":"https:\/\/pnl-international.com\/","name":"pnl-international.com","description":"pnl-international.com","potentialAction":[{"@type":"SearchAction","target":{"@type":"EntryPoint","urlTemplate":"https:\/\/pnl-international.com\/?s={search_term_string}"},"query-input":"required name=search_term_string"}],"inLanguage":"en-US"},{"@type":"ImageObject","inLanguage":"en-US","@id":"https:\/\/pnl-international.com\/thanh-lap-cong-ty-tnhh-2-thanh-vien-tro-len\/#primaryimage","url":"https:\/\/vietluat.vn\/wp-content\/uploads\/2016\/06\/cmnd1.png","contentUrl":"https:\/\/vietluat.vn\/wp-content\/uploads\/2016\/06\/cmnd1.png"},{"@type":"WebPage","@id":"https:\/\/pnl-international.com\/thanh-lap-cong-ty-tnhh-2-thanh-vien-tro-len\/","url":"https:\/\/pnl-international.com\/thanh-lap-cong-ty-tnhh-2-thanh-vien-tro-len\/","name":"[:vi]TH\u00c0NH L\u1eacP C\u00d4NG TY TNHH 2 TH\u00c0NH VI\u00caN TR\u1ede L\u00caN[:en]ESTABLISHMENT OF COMPANY LIMITED 2 OR MORE MEMBERSHIP[:] - pnl-international.com","isPartOf":{"@id":"https:\/\/pnl-international.com\/#website"},"primaryImageOfPage":{"@id":"https:\/\/pnl-international.com\/thanh-lap-cong-ty-tnhh-2-thanh-vien-tro-len\/#primaryimage"},"datePublished":"2023-05-04T01:36:15+00:00","dateModified":"2023-05-08T01:11:33+00:00","breadcrumb":{"@id":"https:\/\/pnl-international.com\/thanh-lap-cong-ty-tnhh-2-thanh-vien-tro-len\/#breadcrumb"},"inLanguage":"en-US","potentialAction":[{"@type":"ReadAction","target":["https:\/\/pnl-international.com\/thanh-lap-cong-ty-tnhh-2-thanh-vien-tro-len\/"]}]},{"@type":"BreadcrumbList","@id":"https:\/\/pnl-international.com\/thanh-lap-cong-ty-tnhh-2-thanh-vien-tro-len\/#breadcrumb","itemListElement":[{"@type":"ListItem","position":1,"name":"Home","item":"https:\/\/pnl-international.com\/"},{"@type":"ListItem","position":2,"name":"TH\u00c0NH L\u1eacP C\u00d4NG TY TNHH 2 TH\u00c0NH VI\u00caN TR\u1ede L\u00caN"}]}]}},"_links":{"self":[{"href":"https:\/\/pnl-international.com\/en\/wp-json\/wp\/v2\/pages\/620"}],"collection":[{"href":"https:\/\/pnl-international.com\/en\/wp-json\/wp\/v2\/pages"}],"about":[{"href":"https:\/\/pnl-international.com\/en\/wp-json\/wp\/v2\/types\/page"}],"author":[{"embeddable":true,"href":"https:\/\/pnl-international.com\/en\/wp-json\/wp\/v2\/users\/2"}],"replies":[{"embeddable":true,"href":"https:\/\/pnl-international.com\/en\/wp-json\/wp\/v2\/comments?post=620"}],"version-history":[{"count":5,"href":"https:\/\/pnl-international.com\/en\/wp-json\/wp\/v2\/pages\/620\/revisions"}],"predecessor-version":[{"id":773,"href":"https:\/\/pnl-international.com\/en\/wp-json\/wp\/v2\/pages\/620\/revisions\/773"}],"wp:attachment":[{"href":"https:\/\/pnl-international.com\/en\/wp-json\/wp\/v2\/media?parent=620"}],"curies":[{"name":"wp","href":"https:\/\/api.w.org\/{rel}","templated":true}]}}