{"id":628,"date":"2023-05-04T08:37:11","date_gmt":"2023-05-04T01:37:11","guid":{"rendered":"https:\/\/pnl-international.com\/?page_id=628"},"modified":"2023-05-08T08:15:18","modified_gmt":"2023-05-08T01:15:18","slug":"thanh-lap-van-phong-dai-dien","status":"publish","type":"page","link":"https:\/\/pnl-international.com\/en\/thanh-lap-van-phong-dai-dien\/","title":{"rendered":"ESTABLISHMENT OF REPRESENTATIVE OFFICE"},"content":{"rendered":"<p><\/p>\n<header class=\"entry-header\">\n<h1 class=\"entry-title mb uppercase\"><span>REPRESENTATIVE OFFICE ISSUANCE<\/span><\/h1>\n<\/header>\n<ul>\n<li><span>You want to set up a representative office in Ho Chi Minh City or other provinces to increase trade exchange with customers in many places.<\/span><\/li>\n<li><span>What are you interested in and what are the registration procedures and fees for setting up a representative office?.<\/span><\/li>\n<li><span>Therefore, you need to consider the effectiveness before choosing a consulting company for you.<\/span><\/li>\n<\/ul>\n<p><strong><span>With the motto &#8220;enthusiastic consulting style and the most professional working style&#8221;, we bring you the solution to establish a representative office with the most reasonable cost.<\/span><\/strong><\/p>\n<h3><strong><span>REPRESENTATIVE OFFICE<\/span><\/strong><\/h3>\n<p><span>As a dependent accounting unit of the enterprise, it has the task of representing by authorization for the interests of the enterprise and protecting those interests.\u00a0Organization and operation of representative offices in accordance with law.\u00a0Enterprises have the right to set up representative offices in the country and abroad.<\/span><\/p>\n<p><span>On the other hand, an Enterprise can set up one or more representative offices in a locality according to administrative boundaries.\u00a0Besides, the Enterprise has the right to change the registered content, has the right to represent the transaction, but does not have the right to conduct business directly like a branch.<\/span><\/p>\n<h3><span id=\"1_Ho_so_thu_tuc_thanh_lap_van_phong_dai_dien\" class=\"ez-toc-section\"><\/span><strong><span>1. Dossiers and procedures for setting up a representative office<\/span><\/strong><\/h3>\n<ul>\n<li><span>Notice of establishment of representative office (according to the prescribed form) (2 copies)<\/span><\/li>\n<li><span>Decision on establishment of representative office (1 copy) of members;<\/span><\/li>\n<li><span>Minutes of the meeting of members on the establishment of a representative office (1 copy);<\/span><\/li>\n<li><span>A valid copy of the decision on appointment of the head of the representative office (1 copy);<\/span><\/li>\n<li><span>A copy of the company&#8217;s charter (in case the location of the representative office is different from the province or city where the company&#8217;s head office is located) (1 copy);<\/span><\/li>\n<li><span>A valid copy of the enterprise&#8217;s business registration certificate or business registration certificate (1 copy);<\/span><\/li>\n<li><span>Valid personal identification papers of the head of the representative office (1 copy) as follows:<\/span>\n<ul>\n<li><span>Vietnamese nationality: valid copy of valid ID card (or passport).<\/span><\/li>\n<li><span>Foreign nationality: a valid copy of a valid passport and an employment permit issued by a competent state agency.<\/span><\/li>\n<\/ul>\n<\/li>\n<\/ul>\n<h3><span id=\"2_Phi_dich_vu_le_phi_nha_nuoc_thoi_gian\" class=\"ez-toc-section\"><\/span><strong><span>2. Service fee + state fee &amp; time:<\/span><\/strong><\/h3>\n<ul>\n<li><span>Service fee &amp; fee:\u00a0\u00a0<\/span><strong><span>600,000 VND<\/span><\/strong><span>\u00a0\u00a0(six hundred thousand VND).<\/span><\/li>\n<li><span>Time:\u00a0\u00a0<\/span><strong><span>3 working days<\/span><\/strong><span>\u00a0.<\/span><\/li>\n<\/ul>\n<p><\/p>","protected":false},"excerpt":{"rendered":"<p>REPRESENTATIVE OFFICE ISSUANCE You want to set up a representative office in Ho Chi Minh City or other provinces to increase trade exchange with customers in many places. What are you interested in and what are the registration procedures and fees for setting up a representative office?. Therefore, you need to consider the effectiveness before &hellip; <\/p>\n<p class=\"link-more\"><a href=\"https:\/\/pnl-international.com\/en\/thanh-lap-van-phong-dai-dien\/\" class=\"more-link\">Continue reading<span class=\"screen-reader-text\"> &#8220;ESTABLISHMENT OF REPRESENTATIVE OFFICE&#8221;<\/span><\/a><\/p>\n","protected":false},"author":2,"featured_media":0,"parent":0,"menu_order":0,"comment_status":"closed","ping_status":"closed","template":"","meta":[],"acf":[],"yoast_head":"<!-- This site is optimized with the Yoast SEO plugin v19.3 - https:\/\/yoast.com\/wordpress\/plugins\/seo\/ -->\n<title>ESTABLISHMENT OF REPRESENTATIVE OFFICE - pnl-international.com<\/title>\n<meta name=\"robots\" content=\"index, follow, max-snippet:-1, max-image-preview:large, max-video-preview:-1\" \/>\n<link rel=\"canonical\" href=\"https:\/\/pnl-international.com\/thanh-lap-van-phong-dai-dien\/\" \/>\n<meta property=\"og:locale\" content=\"en_US\" \/>\n<meta property=\"og:type\" content=\"article\" \/>\n<meta property=\"og:title\" content=\"[:vi]TH\u00c0NH L\u1eacP V\u0102N PH\u00d2NG \u0110\u1ea0I DI\u1ec6N[:en]ESTABLISHMENT OF REPRESENTATIVE OFFICE[:] - pnl-international.com\" \/>\n<meta property=\"og:description\" content=\"REPRESENTATIVE OFFICE ISSUANCE You want to set up a representative office in Ho Chi Minh City or other provinces to increase trade exchange with customers in many places. What are you interested in and what are the registration procedures and fees for setting up a representative office?. Therefore, you need to consider the effectiveness before &hellip; Continue reading &quot;ESTABLISHMENT OF REPRESENTATIVE OFFICE&quot;\" \/>\n<meta property=\"og:url\" content=\"https:\/\/pnl-international.com\/thanh-lap-van-phong-dai-dien\/\" \/>\n<meta property=\"og:site_name\" content=\"pnl-international.com\" \/>\n<meta property=\"article:modified_time\" content=\"2023-05-08T01:15:18+00:00\" \/>\n<meta name=\"twitter:card\" content=\"summary\" \/>\n<meta name=\"twitter:label1\" content=\"Est. reading time\" \/>\n\t<meta name=\"twitter:data1\" content=\"2 minutes\" \/>\n<script type=\"application\/ld+json\" class=\"yoast-schema-graph\">{\"@context\":\"https:\/\/schema.org\",\"@graph\":[{\"@type\":\"WebSite\",\"@id\":\"https:\/\/pnl-international.com\/#website\",\"url\":\"https:\/\/pnl-international.com\/\",\"name\":\"pnl-international.com\",\"description\":\"pnl-international.com\",\"potentialAction\":[{\"@type\":\"SearchAction\",\"target\":{\"@type\":\"EntryPoint\",\"urlTemplate\":\"https:\/\/pnl-international.com\/?s={search_term_string}\"},\"query-input\":\"required name=search_term_string\"}],\"inLanguage\":\"en-US\"},{\"@type\":\"WebPage\",\"@id\":\"https:\/\/pnl-international.com\/thanh-lap-van-phong-dai-dien\/\",\"url\":\"https:\/\/pnl-international.com\/thanh-lap-van-phong-dai-dien\/\",\"name\":\"[:vi]TH\u00c0NH L\u1eacP V\u0102N PH\u00d2NG \u0110\u1ea0I DI\u1ec6N[:en]ESTABLISHMENT OF REPRESENTATIVE OFFICE[:] - pnl-international.com\",\"isPartOf\":{\"@id\":\"https:\/\/pnl-international.com\/#website\"},\"datePublished\":\"2023-05-04T01:37:11+00:00\",\"dateModified\":\"2023-05-08T01:15:18+00:00\",\"breadcrumb\":{\"@id\":\"https:\/\/pnl-international.com\/thanh-lap-van-phong-dai-dien\/#breadcrumb\"},\"inLanguage\":\"en-US\",\"potentialAction\":[{\"@type\":\"ReadAction\",\"target\":[\"https:\/\/pnl-international.com\/thanh-lap-van-phong-dai-dien\/\"]}]},{\"@type\":\"BreadcrumbList\",\"@id\":\"https:\/\/pnl-international.com\/thanh-lap-van-phong-dai-dien\/#breadcrumb\",\"itemListElement\":[{\"@type\":\"ListItem\",\"position\":1,\"name\":\"Home\",\"item\":\"https:\/\/pnl-international.com\/\"},{\"@type\":\"ListItem\",\"position\":2,\"name\":\"TH\u00c0NH L\u1eacP V\u0102N PH\u00d2NG \u0110\u1ea0I DI\u1ec6N\"}]}]}<\/script>\n<!-- \/ Yoast SEO plugin. -->","yoast_head_json":{"title":"[:vi]TH\u00c0NH L\u1eacP V\u0102N PH\u00d2NG \u0110\u1ea0I DI\u1ec6N[:en]ESTABLISHMENT OF REPRESENTATIVE OFFICE[:] - pnl-international.com","robots":{"index":"index","follow":"follow","max-snippet":"max-snippet:-1","max-image-preview":"max-image-preview:large","max-video-preview":"max-video-preview:-1"},"canonical":"https:\/\/pnl-international.com\/thanh-lap-van-phong-dai-dien\/","og_locale":"en_US","og_type":"article","og_title":"[:vi]TH\u00c0NH L\u1eacP V\u0102N PH\u00d2NG \u0110\u1ea0I DI\u1ec6N[:en]ESTABLISHMENT OF REPRESENTATIVE OFFICE[:] - pnl-international.com","og_description":"REPRESENTATIVE OFFICE ISSUANCE You want to set up a representative office in Ho Chi Minh City or other provinces to increase trade exchange with customers in many places. What are you interested in and what are the registration procedures and fees for setting up a representative office?. Therefore, you need to consider the effectiveness before &hellip; Continue reading \"ESTABLISHMENT OF REPRESENTATIVE OFFICE\"","og_url":"https:\/\/pnl-international.com\/thanh-lap-van-phong-dai-dien\/","og_site_name":"pnl-international.com","article_modified_time":"2023-05-08T01:15:18+00:00","twitter_card":"summary","twitter_misc":{"Est. reading time":"2 minutes"},"schema":{"@context":"https:\/\/schema.org","@graph":[{"@type":"WebSite","@id":"https:\/\/pnl-international.com\/#website","url":"https:\/\/pnl-international.com\/","name":"pnl-international.com","description":"pnl-international.com","potentialAction":[{"@type":"SearchAction","target":{"@type":"EntryPoint","urlTemplate":"https:\/\/pnl-international.com\/?s={search_term_string}"},"query-input":"required name=search_term_string"}],"inLanguage":"en-US"},{"@type":"WebPage","@id":"https:\/\/pnl-international.com\/thanh-lap-van-phong-dai-dien\/","url":"https:\/\/pnl-international.com\/thanh-lap-van-phong-dai-dien\/","name":"[:vi]TH\u00c0NH L\u1eacP V\u0102N PH\u00d2NG \u0110\u1ea0I DI\u1ec6N[:en]ESTABLISHMENT OF REPRESENTATIVE OFFICE[:] - pnl-international.com","isPartOf":{"@id":"https:\/\/pnl-international.com\/#website"},"datePublished":"2023-05-04T01:37:11+00:00","dateModified":"2023-05-08T01:15:18+00:00","breadcrumb":{"@id":"https:\/\/pnl-international.com\/thanh-lap-van-phong-dai-dien\/#breadcrumb"},"inLanguage":"en-US","potentialAction":[{"@type":"ReadAction","target":["https:\/\/pnl-international.com\/thanh-lap-van-phong-dai-dien\/"]}]},{"@type":"BreadcrumbList","@id":"https:\/\/pnl-international.com\/thanh-lap-van-phong-dai-dien\/#breadcrumb","itemListElement":[{"@type":"ListItem","position":1,"name":"Home","item":"https:\/\/pnl-international.com\/"},{"@type":"ListItem","position":2,"name":"TH\u00c0NH L\u1eacP V\u0102N PH\u00d2NG \u0110\u1ea0I DI\u1ec6N"}]}]}},"_links":{"self":[{"href":"https:\/\/pnl-international.com\/en\/wp-json\/wp\/v2\/pages\/628"}],"collection":[{"href":"https:\/\/pnl-international.com\/en\/wp-json\/wp\/v2\/pages"}],"about":[{"href":"https:\/\/pnl-international.com\/en\/wp-json\/wp\/v2\/types\/page"}],"author":[{"embeddable":true,"href":"https:\/\/pnl-international.com\/en\/wp-json\/wp\/v2\/users\/2"}],"replies":[{"embeddable":true,"href":"https:\/\/pnl-international.com\/en\/wp-json\/wp\/v2\/comments?post=628"}],"version-history":[{"count":3,"href":"https:\/\/pnl-international.com\/en\/wp-json\/wp\/v2\/pages\/628\/revisions"}],"predecessor-version":[{"id":776,"href":"https:\/\/pnl-international.com\/en\/wp-json\/wp\/v2\/pages\/628\/revisions\/776"}],"wp:attachment":[{"href":"https:\/\/pnl-international.com\/en\/wp-json\/wp\/v2\/media?parent=628"}],"curies":[{"name":"wp","href":"https:\/\/api.w.org\/{rel}","templated":true}]}}