{"id":630,"date":"2023-05-04T08:37:26","date_gmt":"2023-05-04T01:37:26","guid":{"rendered":"https:\/\/pnl-international.com\/?page_id=630"},"modified":"2023-05-08T08:26:16","modified_gmt":"2023-05-08T01:26:16","slug":"dang-ky-dia-diem-kinh-doanh","status":"publish","type":"page","link":"https:\/\/pnl-international.com\/en\/dang-ky-dia-diem-kinh-doanh\/","title":{"rendered":"BUSINESS LOCATION REGISTRATION"},"content":{"rendered":"<p><\/p>\n<h3><strong>WHAT ARE BUSINESS LOCATIONS?<\/strong><\/h3>\n<p>Business location is the place where the specific business activities of the enterprise are conducted.\u00a0The business location of the enterprise may be outside the registered address of the head office.\u00a0An enterprise may only set up its business location in the province or city directly under the Central Government where its head office is located or the province or city where the enterprise locates its branch.<\/p>\n<p>Excerpt from Clause 3 \u2013 Article 45 of Law on Enterprises 2014 and Decree 78\/2015\/ND-CP<\/p>\n<h3><span id=\"1_Tu_van_ve_dia_diem_kinh_doanh_truoc_thanh_lap_cong_ty\" class=\"ez-toc-section\"><\/span><strong>1. Consulting on business location before company establishment:<\/strong><\/h3>\n<ul>\n<li>Consulting on legal issues related to the operation of the business location;<\/li>\n<li>Advice on naming business locations;<\/li>\n<li>Consulting on business lines, the head of the business location;<\/li>\n<\/ul>\n<h3><strong>2. Documents to be prepared for the establishment of a business location:<\/strong><\/h3>\n<p><strong>a).\u00a0Notice of establishment of business location of the enterprise, the notice content includes:<\/strong><\/p>\n<ul>\n<li>Name and address of the head office of the enterprise or the name and address of the branch (in case the business location is affiliated to the branch);<\/li>\n<li>Name and address of business location;<\/li>\n<li>The field of operation of the business location;<\/li>\n<li>Full name, place of residence, number of the people&#8217;s identity card or passport of the head of the business location;<\/li>\n<\/ul>\n<p><strong>b).\u00a0Full name, signature of the legal representative of the enterprise<\/strong><\/p>\n<p><strong>c).\u00a0A copy of the valid identity card of the head of the business location;<\/strong><\/p>\n<p><strong>d).\u00a0Copy of Business Registration Certificate.<\/strong><\/p>\n<h3><strong>3. We do it for you<\/strong><\/h3>\n<ul>\n<li>Submit a set of documents to establish a business location<\/li>\n<li>Monitor the processing progress and report the results of the application<\/li>\n<li>Carry out change procedures at competent State agencies.<\/li>\n<li>Receive a business registration certificate at the Department of Planning and Investment<\/li>\n<\/ul>\n<h3><span id=\"4_Thoi_gian_3_ngay_lam_viec\" class=\"ez-toc-section\"><\/span><strong>4. Time: 3 working days<\/strong><\/h3>\n<p><\/p>","protected":false},"excerpt":{"rendered":"<p>WHAT ARE BUSINESS LOCATIONS? Business location is the place where the specific business activities of the enterprise are conducted.\u00a0The business location of the enterprise may be outside the registered address of the head office.\u00a0An enterprise may only set up its business location in the province or city directly under the Central Government where its head &hellip; <\/p>\n<p class=\"link-more\"><a href=\"https:\/\/pnl-international.com\/en\/dang-ky-dia-diem-kinh-doanh\/\" class=\"more-link\">Continue reading<span class=\"screen-reader-text\"> &#8220;BUSINESS LOCATION REGISTRATION&#8221;<\/span><\/a><\/p>\n","protected":false},"author":2,"featured_media":0,"parent":0,"menu_order":0,"comment_status":"closed","ping_status":"closed","template":"","meta":[],"acf":[],"yoast_head":"<!-- This site is optimized with the Yoast SEO plugin v19.3 - https:\/\/yoast.com\/wordpress\/plugins\/seo\/ -->\n<title>BUSINESS LOCATION REGISTRATION - pnl-international.com<\/title>\n<meta name=\"robots\" content=\"index, follow, max-snippet:-1, max-image-preview:large, max-video-preview:-1\" \/>\n<link rel=\"canonical\" href=\"https:\/\/pnl-international.com\/dang-ky-dia-diem-kinh-doanh\/\" \/>\n<meta property=\"og:locale\" content=\"en_US\" \/>\n<meta property=\"og:type\" content=\"article\" \/>\n<meta property=\"og:title\" content=\"[:vi]\u0110\u0102NG K\u00dd \u0110\u1ecaA \u0110I\u1ec2M KINH DOANH[:en]BUSINESS LOCATION REGISTRATION[:] - pnl-international.com\" \/>\n<meta property=\"og:description\" content=\"WHAT ARE BUSINESS LOCATIONS? Business location is the place where the specific business activities of the enterprise are conducted.\u00a0The business location of the enterprise may be outside the registered address of the head office.\u00a0An enterprise may only set up its business location in the province or city directly under the Central Government where its head &hellip; Continue reading &quot;BUSINESS LOCATION REGISTRATION&quot;\" \/>\n<meta property=\"og:url\" content=\"https:\/\/pnl-international.com\/dang-ky-dia-diem-kinh-doanh\/\" \/>\n<meta property=\"og:site_name\" content=\"pnl-international.com\" \/>\n<meta property=\"article:modified_time\" content=\"2023-05-08T01:26:16+00:00\" \/>\n<meta name=\"twitter:card\" content=\"summary\" \/>\n<meta name=\"twitter:label1\" content=\"Est. reading time\" \/>\n\t<meta name=\"twitter:data1\" content=\"2 minutes\" \/>\n<script type=\"application\/ld+json\" class=\"yoast-schema-graph\">{\"@context\":\"https:\/\/schema.org\",\"@graph\":[{\"@type\":\"WebSite\",\"@id\":\"https:\/\/pnl-international.com\/#website\",\"url\":\"https:\/\/pnl-international.com\/\",\"name\":\"pnl-international.com\",\"description\":\"pnl-international.com\",\"potentialAction\":[{\"@type\":\"SearchAction\",\"target\":{\"@type\":\"EntryPoint\",\"urlTemplate\":\"https:\/\/pnl-international.com\/?s={search_term_string}\"},\"query-input\":\"required name=search_term_string\"}],\"inLanguage\":\"en-US\"},{\"@type\":\"WebPage\",\"@id\":\"https:\/\/pnl-international.com\/dang-ky-dia-diem-kinh-doanh\/\",\"url\":\"https:\/\/pnl-international.com\/dang-ky-dia-diem-kinh-doanh\/\",\"name\":\"[:vi]\u0110\u0102NG K\u00dd \u0110\u1ecaA \u0110I\u1ec2M KINH DOANH[:en]BUSINESS LOCATION REGISTRATION[:] - pnl-international.com\",\"isPartOf\":{\"@id\":\"https:\/\/pnl-international.com\/#website\"},\"datePublished\":\"2023-05-04T01:37:26+00:00\",\"dateModified\":\"2023-05-08T01:26:16+00:00\",\"breadcrumb\":{\"@id\":\"https:\/\/pnl-international.com\/dang-ky-dia-diem-kinh-doanh\/#breadcrumb\"},\"inLanguage\":\"en-US\",\"potentialAction\":[{\"@type\":\"ReadAction\",\"target\":[\"https:\/\/pnl-international.com\/dang-ky-dia-diem-kinh-doanh\/\"]}]},{\"@type\":\"BreadcrumbList\",\"@id\":\"https:\/\/pnl-international.com\/dang-ky-dia-diem-kinh-doanh\/#breadcrumb\",\"itemListElement\":[{\"@type\":\"ListItem\",\"position\":1,\"name\":\"Home\",\"item\":\"https:\/\/pnl-international.com\/\"},{\"@type\":\"ListItem\",\"position\":2,\"name\":\"\u0110\u0102NG K\u00dd \u0110\u1ecaA \u0110I\u1ec2M KINH DOANH\"}]}]}<\/script>\n<!-- \/ Yoast SEO plugin. -->","yoast_head_json":{"title":"[:vi]\u0110\u0102NG K\u00dd \u0110\u1ecaA \u0110I\u1ec2M KINH DOANH[:en]BUSINESS LOCATION REGISTRATION[:] - pnl-international.com","robots":{"index":"index","follow":"follow","max-snippet":"max-snippet:-1","max-image-preview":"max-image-preview:large","max-video-preview":"max-video-preview:-1"},"canonical":"https:\/\/pnl-international.com\/dang-ky-dia-diem-kinh-doanh\/","og_locale":"en_US","og_type":"article","og_title":"[:vi]\u0110\u0102NG K\u00dd \u0110\u1ecaA \u0110I\u1ec2M KINH DOANH[:en]BUSINESS LOCATION REGISTRATION[:] - pnl-international.com","og_description":"WHAT ARE BUSINESS LOCATIONS? Business location is the place where the specific business activities of the enterprise are conducted.\u00a0The business location of the enterprise may be outside the registered address of the head office.\u00a0An enterprise may only set up its business location in the province or city directly under the Central Government where its head &hellip; Continue reading \"BUSINESS LOCATION REGISTRATION\"","og_url":"https:\/\/pnl-international.com\/dang-ky-dia-diem-kinh-doanh\/","og_site_name":"pnl-international.com","article_modified_time":"2023-05-08T01:26:16+00:00","twitter_card":"summary","twitter_misc":{"Est. reading time":"2 minutes"},"schema":{"@context":"https:\/\/schema.org","@graph":[{"@type":"WebSite","@id":"https:\/\/pnl-international.com\/#website","url":"https:\/\/pnl-international.com\/","name":"pnl-international.com","description":"pnl-international.com","potentialAction":[{"@type":"SearchAction","target":{"@type":"EntryPoint","urlTemplate":"https:\/\/pnl-international.com\/?s={search_term_string}"},"query-input":"required name=search_term_string"}],"inLanguage":"en-US"},{"@type":"WebPage","@id":"https:\/\/pnl-international.com\/dang-ky-dia-diem-kinh-doanh\/","url":"https:\/\/pnl-international.com\/dang-ky-dia-diem-kinh-doanh\/","name":"[:vi]\u0110\u0102NG K\u00dd \u0110\u1ecaA \u0110I\u1ec2M KINH DOANH[:en]BUSINESS LOCATION REGISTRATION[:] - pnl-international.com","isPartOf":{"@id":"https:\/\/pnl-international.com\/#website"},"datePublished":"2023-05-04T01:37:26+00:00","dateModified":"2023-05-08T01:26:16+00:00","breadcrumb":{"@id":"https:\/\/pnl-international.com\/dang-ky-dia-diem-kinh-doanh\/#breadcrumb"},"inLanguage":"en-US","potentialAction":[{"@type":"ReadAction","target":["https:\/\/pnl-international.com\/dang-ky-dia-diem-kinh-doanh\/"]}]},{"@type":"BreadcrumbList","@id":"https:\/\/pnl-international.com\/dang-ky-dia-diem-kinh-doanh\/#breadcrumb","itemListElement":[{"@type":"ListItem","position":1,"name":"Home","item":"https:\/\/pnl-international.com\/"},{"@type":"ListItem","position":2,"name":"\u0110\u0102NG K\u00dd \u0110\u1ecaA \u0110I\u1ec2M KINH DOANH"}]}]}},"_links":{"self":[{"href":"https:\/\/pnl-international.com\/en\/wp-json\/wp\/v2\/pages\/630"}],"collection":[{"href":"https:\/\/pnl-international.com\/en\/wp-json\/wp\/v2\/pages"}],"about":[{"href":"https:\/\/pnl-international.com\/en\/wp-json\/wp\/v2\/types\/page"}],"author":[{"embeddable":true,"href":"https:\/\/pnl-international.com\/en\/wp-json\/wp\/v2\/users\/2"}],"replies":[{"embeddable":true,"href":"https:\/\/pnl-international.com\/en\/wp-json\/wp\/v2\/comments?post=630"}],"version-history":[{"count":6,"href":"https:\/\/pnl-international.com\/en\/wp-json\/wp\/v2\/pages\/630\/revisions"}],"predecessor-version":[{"id":787,"href":"https:\/\/pnl-international.com\/en\/wp-json\/wp\/v2\/pages\/630\/revisions\/787"}],"wp:attachment":[{"href":"https:\/\/pnl-international.com\/en\/wp-json\/wp\/v2\/media?parent=630"}],"curies":[{"name":"wp","href":"https:\/\/api.w.org\/{rel}","templated":true}]}}