{"id":638,"date":"2023-05-04T08:38:25","date_gmt":"2023-05-04T01:38:25","guid":{"rendered":"https:\/\/pnl-international.com\/?page_id=638"},"modified":"2023-05-09T10:37:00","modified_gmt":"2023-05-09T03:37:00","slug":"thay-doi-noi-dung-dang-ky-kinh-doanh","status":"publish","type":"page","link":"https:\/\/pnl-international.com\/en\/thay-doi-noi-dung-dang-ky-kinh-doanh\/","title":{"rendered":"CHANGING CONTENTS OF BUSINESS REGISTRATION"},"content":{"rendered":"<p>PNL wishes to create a trusting partnership, and complete the job by maintaining long-term relationships with customers. Support policy, after-sales consulting created for customers when using the service to change business license.<\/p>","protected":false},"excerpt":{"rendered":"<p>PNL wishes to create a trusting partnership, and complete the job by maintaining long-term relationships with customers. Support policy, after-sales consulting created for customers when using the service to change business license.<\/p>\n","protected":false},"author":2,"featured_media":0,"parent":0,"menu_order":0,"comment_status":"closed","ping_status":"closed","template":"","meta":[],"acf":[],"yoast_head":"<!-- This site is optimized with the Yoast SEO plugin v19.3 - https:\/\/yoast.com\/wordpress\/plugins\/seo\/ -->\n<title>CHANGING CONTENTS OF BUSINESS REGISTRATION - pnl-international.com<\/title>\n<meta name=\"robots\" content=\"index, follow, max-snippet:-1, max-image-preview:large, max-video-preview:-1\" \/>\n<link rel=\"canonical\" href=\"https:\/\/pnl-international.com\/thay-doi-noi-dung-dang-ky-kinh-doanh\/\" \/>\n<meta property=\"og:locale\" content=\"en_US\" \/>\n<meta property=\"og:type\" content=\"article\" \/>\n<meta property=\"og:title\" content=\"[:vi]THAY \u0110\u1ed4I N\u1ed8I DUNG \u0110\u0102NG K\u00dd KINH DOANH[:en]CHANGING CONTENTS OF BUSINESS REGISTRATION[:] - pnl-international.com\" \/>\n<meta property=\"og:description\" content=\"PNL wishes to create a trusting partnership, and complete the job by maintaining long-term relationships with customers. Support policy, after-sales consulting created for customers when using the service to change business license.\" \/>\n<meta property=\"og:url\" content=\"https:\/\/pnl-international.com\/thay-doi-noi-dung-dang-ky-kinh-doanh\/\" \/>\n<meta property=\"og:site_name\" content=\"pnl-international.com\" \/>\n<meta property=\"article:modified_time\" content=\"2023-05-09T03:37:00+00:00\" \/>\n<meta name=\"twitter:card\" content=\"summary\" \/>\n<meta name=\"twitter:label1\" content=\"Est. reading time\" \/>\n\t<meta name=\"twitter:data1\" content=\"1 minute\" \/>\n<script type=\"application\/ld+json\" class=\"yoast-schema-graph\">{\"@context\":\"https:\/\/schema.org\",\"@graph\":[{\"@type\":\"WebSite\",\"@id\":\"https:\/\/pnl-international.com\/#website\",\"url\":\"https:\/\/pnl-international.com\/\",\"name\":\"pnl-international.com\",\"description\":\"pnl-international.com\",\"potentialAction\":[{\"@type\":\"SearchAction\",\"target\":{\"@type\":\"EntryPoint\",\"urlTemplate\":\"https:\/\/pnl-international.com\/?s={search_term_string}\"},\"query-input\":\"required name=search_term_string\"}],\"inLanguage\":\"en-US\"},{\"@type\":\"WebPage\",\"@id\":\"https:\/\/pnl-international.com\/thay-doi-noi-dung-dang-ky-kinh-doanh\/\",\"url\":\"https:\/\/pnl-international.com\/thay-doi-noi-dung-dang-ky-kinh-doanh\/\",\"name\":\"[:vi]THAY \u0110\u1ed4I N\u1ed8I DUNG \u0110\u0102NG K\u00dd KINH DOANH[:en]CHANGING CONTENTS OF BUSINESS REGISTRATION[:] - pnl-international.com\",\"isPartOf\":{\"@id\":\"https:\/\/pnl-international.com\/#website\"},\"datePublished\":\"2023-05-04T01:38:25+00:00\",\"dateModified\":\"2023-05-09T03:37:00+00:00\",\"breadcrumb\":{\"@id\":\"https:\/\/pnl-international.com\/thay-doi-noi-dung-dang-ky-kinh-doanh\/#breadcrumb\"},\"inLanguage\":\"en-US\",\"potentialAction\":[{\"@type\":\"ReadAction\",\"target\":[\"https:\/\/pnl-international.com\/thay-doi-noi-dung-dang-ky-kinh-doanh\/\"]}]},{\"@type\":\"BreadcrumbList\",\"@id\":\"https:\/\/pnl-international.com\/thay-doi-noi-dung-dang-ky-kinh-doanh\/#breadcrumb\",\"itemListElement\":[{\"@type\":\"ListItem\",\"position\":1,\"name\":\"Home\",\"item\":\"https:\/\/pnl-international.com\/\"},{\"@type\":\"ListItem\",\"position\":2,\"name\":\"THAY \u0110\u1ed4I N\u1ed8I DUNG \u0110\u0102NG K\u00dd KINH DOANH\"}]}]}<\/script>\n<!-- \/ Yoast SEO plugin. -->","yoast_head_json":{"title":"[:vi]THAY \u0110\u1ed4I N\u1ed8I DUNG \u0110\u0102NG K\u00dd KINH DOANH[:en]CHANGING CONTENTS OF BUSINESS REGISTRATION[:] - pnl-international.com","robots":{"index":"index","follow":"follow","max-snippet":"max-snippet:-1","max-image-preview":"max-image-preview:large","max-video-preview":"max-video-preview:-1"},"canonical":"https:\/\/pnl-international.com\/thay-doi-noi-dung-dang-ky-kinh-doanh\/","og_locale":"en_US","og_type":"article","og_title":"[:vi]THAY \u0110\u1ed4I N\u1ed8I DUNG \u0110\u0102NG K\u00dd KINH DOANH[:en]CHANGING CONTENTS OF BUSINESS REGISTRATION[:] - pnl-international.com","og_description":"PNL wishes to create a trusting partnership, and complete the job by maintaining long-term relationships with customers. Support policy, after-sales consulting created for customers when using the service to change business license.","og_url":"https:\/\/pnl-international.com\/thay-doi-noi-dung-dang-ky-kinh-doanh\/","og_site_name":"pnl-international.com","article_modified_time":"2023-05-09T03:37:00+00:00","twitter_card":"summary","twitter_misc":{"Est. reading time":"1 minute"},"schema":{"@context":"https:\/\/schema.org","@graph":[{"@type":"WebSite","@id":"https:\/\/pnl-international.com\/#website","url":"https:\/\/pnl-international.com\/","name":"pnl-international.com","description":"pnl-international.com","potentialAction":[{"@type":"SearchAction","target":{"@type":"EntryPoint","urlTemplate":"https:\/\/pnl-international.com\/?s={search_term_string}"},"query-input":"required name=search_term_string"}],"inLanguage":"en-US"},{"@type":"WebPage","@id":"https:\/\/pnl-international.com\/thay-doi-noi-dung-dang-ky-kinh-doanh\/","url":"https:\/\/pnl-international.com\/thay-doi-noi-dung-dang-ky-kinh-doanh\/","name":"[:vi]THAY \u0110\u1ed4I N\u1ed8I DUNG \u0110\u0102NG K\u00dd KINH DOANH[:en]CHANGING CONTENTS OF BUSINESS REGISTRATION[:] - pnl-international.com","isPartOf":{"@id":"https:\/\/pnl-international.com\/#website"},"datePublished":"2023-05-04T01:38:25+00:00","dateModified":"2023-05-09T03:37:00+00:00","breadcrumb":{"@id":"https:\/\/pnl-international.com\/thay-doi-noi-dung-dang-ky-kinh-doanh\/#breadcrumb"},"inLanguage":"en-US","potentialAction":[{"@type":"ReadAction","target":["https:\/\/pnl-international.com\/thay-doi-noi-dung-dang-ky-kinh-doanh\/"]}]},{"@type":"BreadcrumbList","@id":"https:\/\/pnl-international.com\/thay-doi-noi-dung-dang-ky-kinh-doanh\/#breadcrumb","itemListElement":[{"@type":"ListItem","position":1,"name":"Home","item":"https:\/\/pnl-international.com\/"},{"@type":"ListItem","position":2,"name":"THAY \u0110\u1ed4I N\u1ed8I DUNG \u0110\u0102NG K\u00dd KINH DOANH"}]}]}},"_links":{"self":[{"href":"https:\/\/pnl-international.com\/en\/wp-json\/wp\/v2\/pages\/638"}],"collection":[{"href":"https:\/\/pnl-international.com\/en\/wp-json\/wp\/v2\/pages"}],"about":[{"href":"https:\/\/pnl-international.com\/en\/wp-json\/wp\/v2\/types\/page"}],"author":[{"embeddable":true,"href":"https:\/\/pnl-international.com\/en\/wp-json\/wp\/v2\/users\/2"}],"replies":[{"embeddable":true,"href":"https:\/\/pnl-international.com\/en\/wp-json\/wp\/v2\/comments?post=638"}],"version-history":[{"count":2,"href":"https:\/\/pnl-international.com\/en\/wp-json\/wp\/v2\/pages\/638\/revisions"}],"predecessor-version":[{"id":830,"href":"https:\/\/pnl-international.com\/en\/wp-json\/wp\/v2\/pages\/638\/revisions\/830"}],"wp:attachment":[{"href":"https:\/\/pnl-international.com\/en\/wp-json\/wp\/v2\/media?parent=638"}],"curies":[{"name":"wp","href":"https:\/\/api.w.org\/{rel}","templated":true}]}}