{"id":646,"date":"2023-05-04T08:40:02","date_gmt":"2023-05-04T01:40:02","guid":{"rendered":"https:\/\/pnl-international.com\/?page_id=646"},"modified":"2023-08-17T11:50:32","modified_gmt":"2023-08-17T04:50:32","slug":"thay-doi-thanh-vien-cong-ty","status":"publish","type":"page","link":"https:\/\/pnl-international.com\/en\/thay-doi-thanh-vien-cong-ty\/","title":{"rendered":"CHANGE OF COMPANY MEMBERSHIP"},"content":{"rendered":"<p><\/p>\n<header class=\"entry-header\">\n<h1 class=\"entry-title mb uppercase\">CHANGE OF COMPANY MEMBERS\/SHORTERS 2023- THINGS YOU NEED TO KNOW<\/h1>\n<\/header>\n<blockquote><p><em>When there is a transfer or receipt of new capital contributors, the structure of members\/shareholders of the company changes.\u00a0The company must carry out procedures to change a member of a limited company or a shareholder of a joint stock company.\u00a0<\/em><\/p>\n<p>However, when carrying out related procedures, enterprises inevitably face difficulties with legal regulations that are not easily accessible.\u00a0Using the service to support the company name change procedure is something to consider.<\/p><\/blockquote>\n<h2><span id=\"Dich_vu_Thay_doi_thanh_vien_co_dong_cong_ty_cua_Viet_Luat\" class=\"ez-toc-section\"><\/span><b>Service of\u00a0\u00a0<em>changing members\/shareholders<\/em><\/b><\/h2>\n<h3><span id=\"Thay_doi_thanh_vien_cong_ty_TNHH\" class=\"ez-toc-section\"><\/span><strong>Change of member of limited company<\/strong><\/h3>\n<p>When choosing us to support the change of members of a limited company, you only need to provide the company&#8217;s tax code and personal information (enclosed with a certified copy of the ID card or passport) of the new member. , we will carry out all related formalities. After 3 days, we will deliver the business registration certificate with the new company name.<\/p>\n<h3><span id=\"Thay_doi_co_dong_cong_ty_co_phan\" class=\"ez-toc-section\"><\/span><strong>Change of shareholders of a joint stock company\u00a0<\/strong><\/h3>\n<p>The enterprise registration certificate of a joint stock company does not show the list of founding shareholders.\u00a0Therefore, when changing shareholders, the enterprise only conducts the change and retention procedures at the company without having to submit documents to the business registration agency.\u00a0Dossier of change of shareholders kept at the company&#8217;s office includes:<\/p>\n<ul>\n<li>Minutes of the general meeting of shareholders<\/li>\n<li>Decision<\/li>\n<li>Transfer contract<\/li>\n<li>Draft amendments to the company&#8217;s charter<\/li>\n<li>Make a shareholder book<\/li>\n<\/ul>\n<p>In addition, a joint stock company or a shareholder transferring capital shall declare personal income tax (if the transferring shareholder is an individual).\u00a0The personal income tax rate is 0.1% on the transfer value.<\/p>\n<h2><span id=\"Huong_dan_quy_khach_tu_thuc_hien_thu_tuc_thay_doi_thanh_vien_cong_ty_TNHH\" class=\"ez-toc-section\"><\/span><b>Guide you to carry out the procedure\u00a0\u00a0<em>for changing members of the<\/em>\u00a0\u00a0limited\u00a0\u00a0 company<\/b><\/h2>\n<h3><span id=\"Thanh_phan_ho_so\" class=\"ez-toc-section\"><\/span><b>Profile composition\u00a0<\/b><\/h3>\n<ul>\n<li>Notice of change of business registration contents includes:\u00a0\u00a0<i>Current name, enterprise identification number, tax code or business registration certificate number, expected name change and signature of legal representative. ;<\/i><\/li>\n<li>Minutes of the general meeting of shareholders in the case of a joint-stock company \/ of the Members&#8217; Council in the case of a two-member limited liability company \/ of the owner in the case of a limited liability company.\u00a0<i>(Note that there is content to amend the charter)<\/i>\u00a0.<\/li>\n<li>Decision of the general meeting of shareholders in the case of a joint-stock company \/ of the Members&#8217; Council in the case of a two-member limited liability company \/ of the owner in the case of a limited company.\u00a0<i>(Note that there is content to amend the charter)<\/i>\u00a0.<\/li>\n<li>Contract for transfer of member&#8217;s capital contribution<\/li>\n<li>Attached documents include: A copy of the business registration certificate.<\/li>\n<\/ul>\n<h3><span id=\"Phuong_thuc_dang_ky_kinh_doanh\" class=\"ez-toc-section\"><\/span><strong>Business registration method\u00a0<\/strong><\/h3>\n<ul>\n<li>Your business will have to scan the profile and send it to the National Business Portal\u00a0\u00a0\u00a0<em><a href=\"https:\/\/translate.google.com\/website?sl=vi&amp;tl=en&amp;hl=vi&amp;client=webapp&amp;u=https:\/\/dangkykinhdoanh.gov.vn\/\">https:\/\/dangkytinhdoanh.gov.vn\/<\/a><\/em>\u00a0.<\/li>\n<li>Then monitor and receive notice of amendments and supplements, if any, from the Business Registration Office.\u00a0In case of receiving a notice of valid application, the enterprise will send a paper dossier to the address of the Business Registration Office where it was established.<\/li>\n<\/ul>\n<h2><span id=\"Huong_dan_quy_khach_tu_thuc_hien_thu_tuc_thay_doi_co_dong_cong_ty_co_phan\" class=\"ez-toc-section\"><\/span><b>Guide you to carry out the procedures for changing shareholders of a joint stock company<\/b><\/h2>\n<p>The Company prepares the following documents to save at the company&#8217;s office:<\/p>\n<ul>\n<li>Minutes of the general meeting of shareholders<\/li>\n<li>Decision<\/li>\n<li>Transfer contract<\/li>\n<li>Draft amendments to the company&#8217;s charter<\/li>\n<li>Make a shareholder book<\/li>\n<\/ul>\n<p>Company documents can be contacted by we for support<\/p>\n<h2><span id=\"Viec_can_lam_sau_khi_thay_doi_thanh_vien_cua_cong_ty\" class=\"ez-toc-section\"><\/span><b>What to do after\u00a0\u00a0<em>changing members of the company<\/em><\/b><\/h2>\n<p>After changing the member of the Company on the business registration certificate, we need to do the following:<\/p>\n<ul>\n<li>Notify and register changes in information of the legal representative with the company bank accounts if there is a change at the same time as the legal representative.<\/li>\n<li>PIT declaration for the transferor, if the transfer price is equal to the cost price, no tax must be paid.<\/li>\n<\/ul>\n<p><\/p>","protected":false},"excerpt":{"rendered":"<p>CHANGE OF COMPANY MEMBERS\/SHORTERS 2023- THINGS YOU NEED TO KNOW When there is a transfer or receipt of new capital contributors, the structure of members\/shareholders of the company changes.\u00a0The company must carry out procedures to change a member of a limited company or a shareholder of a joint stock company.\u00a0 However, when carrying out related &hellip; <\/p>\n<p class=\"link-more\"><a href=\"https:\/\/pnl-international.com\/en\/thay-doi-thanh-vien-cong-ty\/\" class=\"more-link\">Continue reading<span class=\"screen-reader-text\"> &#8220;CHANGE OF COMPANY MEMBERSHIP&#8221;<\/span><\/a><\/p>\n","protected":false},"author":2,"featured_media":0,"parent":0,"menu_order":0,"comment_status":"closed","ping_status":"closed","template":"","meta":[],"acf":[],"yoast_head":"<!-- This site is optimized with the Yoast SEO plugin v19.3 - https:\/\/yoast.com\/wordpress\/plugins\/seo\/ -->\n<title>CHANGE OF COMPANY MEMBERSHIP - pnl-international.com<\/title>\n<meta name=\"robots\" content=\"index, follow, max-snippet:-1, max-image-preview:large, max-video-preview:-1\" \/>\n<link rel=\"canonical\" href=\"https:\/\/pnl-international.com\/thay-doi-thanh-vien-cong-ty\/\" \/>\n<meta property=\"og:locale\" content=\"en_US\" \/>\n<meta property=\"og:type\" content=\"article\" \/>\n<meta property=\"og:title\" content=\"[:vi]THAY \u0110\u1ed4I TH\u00c0NH VI\u00caN C\u00d4NG TY[:en]CHANGE OF COMPANY MEMBERSHIP[:] - pnl-international.com\" \/>\n<meta property=\"og:description\" content=\"CHANGE OF COMPANY MEMBERS\/SHORTERS 2023- THINGS YOU NEED TO KNOW When there is a transfer or receipt of new capital contributors, the structure of members\/shareholders of the company changes.\u00a0The company must carry out procedures to change a member of a limited company or a shareholder of a joint stock company.\u00a0 However, when carrying out related &hellip; Continue reading &quot;CHANGE OF COMPANY MEMBERSHIP&quot;\" \/>\n<meta property=\"og:url\" content=\"https:\/\/pnl-international.com\/thay-doi-thanh-vien-cong-ty\/\" \/>\n<meta property=\"og:site_name\" content=\"pnl-international.com\" \/>\n<meta property=\"article:modified_time\" content=\"2023-08-17T04:50:32+00:00\" \/>\n<meta name=\"twitter:card\" content=\"summary\" \/>\n<meta name=\"twitter:label1\" content=\"Est. reading time\" \/>\n\t<meta name=\"twitter:data1\" content=\"4 minutes\" \/>\n<script type=\"application\/ld+json\" class=\"yoast-schema-graph\">{\"@context\":\"https:\/\/schema.org\",\"@graph\":[{\"@type\":\"WebSite\",\"@id\":\"https:\/\/pnl-international.com\/#website\",\"url\":\"https:\/\/pnl-international.com\/\",\"name\":\"pnl-international.com\",\"description\":\"pnl-international.com\",\"potentialAction\":[{\"@type\":\"SearchAction\",\"target\":{\"@type\":\"EntryPoint\",\"urlTemplate\":\"https:\/\/pnl-international.com\/?s={search_term_string}\"},\"query-input\":\"required name=search_term_string\"}],\"inLanguage\":\"en-US\"},{\"@type\":\"WebPage\",\"@id\":\"https:\/\/pnl-international.com\/thay-doi-thanh-vien-cong-ty\/\",\"url\":\"https:\/\/pnl-international.com\/thay-doi-thanh-vien-cong-ty\/\",\"name\":\"[:vi]THAY \u0110\u1ed4I TH\u00c0NH VI\u00caN C\u00d4NG TY[:en]CHANGE OF COMPANY MEMBERSHIP[:] - pnl-international.com\",\"isPartOf\":{\"@id\":\"https:\/\/pnl-international.com\/#website\"},\"datePublished\":\"2023-05-04T01:40:02+00:00\",\"dateModified\":\"2023-08-17T04:50:32+00:00\",\"breadcrumb\":{\"@id\":\"https:\/\/pnl-international.com\/thay-doi-thanh-vien-cong-ty\/#breadcrumb\"},\"inLanguage\":\"en-US\",\"potentialAction\":[{\"@type\":\"ReadAction\",\"target\":[\"https:\/\/pnl-international.com\/thay-doi-thanh-vien-cong-ty\/\"]}]},{\"@type\":\"BreadcrumbList\",\"@id\":\"https:\/\/pnl-international.com\/thay-doi-thanh-vien-cong-ty\/#breadcrumb\",\"itemListElement\":[{\"@type\":\"ListItem\",\"position\":1,\"name\":\"Home\",\"item\":\"https:\/\/pnl-international.com\/\"},{\"@type\":\"ListItem\",\"position\":2,\"name\":\"THAY \u0110\u1ed4I TH\u00c0NH VI\u00caN C\u00d4NG TY\"}]}]}<\/script>\n<!-- \/ Yoast SEO plugin. -->","yoast_head_json":{"title":"[:vi]THAY \u0110\u1ed4I TH\u00c0NH VI\u00caN C\u00d4NG TY[:en]CHANGE OF COMPANY MEMBERSHIP[:] - pnl-international.com","robots":{"index":"index","follow":"follow","max-snippet":"max-snippet:-1","max-image-preview":"max-image-preview:large","max-video-preview":"max-video-preview:-1"},"canonical":"https:\/\/pnl-international.com\/thay-doi-thanh-vien-cong-ty\/","og_locale":"en_US","og_type":"article","og_title":"[:vi]THAY \u0110\u1ed4I TH\u00c0NH VI\u00caN C\u00d4NG TY[:en]CHANGE OF COMPANY MEMBERSHIP[:] - pnl-international.com","og_description":"CHANGE OF COMPANY MEMBERS\/SHORTERS 2023- THINGS YOU NEED TO KNOW When there is a transfer or receipt of new capital contributors, the structure of members\/shareholders of the company changes.\u00a0The company must carry out procedures to change a member of a limited company or a shareholder of a joint stock company.\u00a0 However, when carrying out related &hellip; Continue reading \"CHANGE OF COMPANY MEMBERSHIP\"","og_url":"https:\/\/pnl-international.com\/thay-doi-thanh-vien-cong-ty\/","og_site_name":"pnl-international.com","article_modified_time":"2023-08-17T04:50:32+00:00","twitter_card":"summary","twitter_misc":{"Est. reading time":"4 minutes"},"schema":{"@context":"https:\/\/schema.org","@graph":[{"@type":"WebSite","@id":"https:\/\/pnl-international.com\/#website","url":"https:\/\/pnl-international.com\/","name":"pnl-international.com","description":"pnl-international.com","potentialAction":[{"@type":"SearchAction","target":{"@type":"EntryPoint","urlTemplate":"https:\/\/pnl-international.com\/?s={search_term_string}"},"query-input":"required name=search_term_string"}],"inLanguage":"en-US"},{"@type":"WebPage","@id":"https:\/\/pnl-international.com\/thay-doi-thanh-vien-cong-ty\/","url":"https:\/\/pnl-international.com\/thay-doi-thanh-vien-cong-ty\/","name":"[:vi]THAY \u0110\u1ed4I TH\u00c0NH VI\u00caN C\u00d4NG TY[:en]CHANGE OF COMPANY MEMBERSHIP[:] - pnl-international.com","isPartOf":{"@id":"https:\/\/pnl-international.com\/#website"},"datePublished":"2023-05-04T01:40:02+00:00","dateModified":"2023-08-17T04:50:32+00:00","breadcrumb":{"@id":"https:\/\/pnl-international.com\/thay-doi-thanh-vien-cong-ty\/#breadcrumb"},"inLanguage":"en-US","potentialAction":[{"@type":"ReadAction","target":["https:\/\/pnl-international.com\/thay-doi-thanh-vien-cong-ty\/"]}]},{"@type":"BreadcrumbList","@id":"https:\/\/pnl-international.com\/thay-doi-thanh-vien-cong-ty\/#breadcrumb","itemListElement":[{"@type":"ListItem","position":1,"name":"Home","item":"https:\/\/pnl-international.com\/"},{"@type":"ListItem","position":2,"name":"THAY \u0110\u1ed4I TH\u00c0NH VI\u00caN C\u00d4NG TY"}]}]}},"_links":{"self":[{"href":"https:\/\/pnl-international.com\/en\/wp-json\/wp\/v2\/pages\/646"}],"collection":[{"href":"https:\/\/pnl-international.com\/en\/wp-json\/wp\/v2\/pages"}],"about":[{"href":"https:\/\/pnl-international.com\/en\/wp-json\/wp\/v2\/types\/page"}],"author":[{"embeddable":true,"href":"https:\/\/pnl-international.com\/en\/wp-json\/wp\/v2\/users\/2"}],"replies":[{"embeddable":true,"href":"https:\/\/pnl-international.com\/en\/wp-json\/wp\/v2\/comments?post=646"}],"version-history":[{"count":6,"href":"https:\/\/pnl-international.com\/en\/wp-json\/wp\/v2\/pages\/646\/revisions"}],"predecessor-version":[{"id":866,"href":"https:\/\/pnl-international.com\/en\/wp-json\/wp\/v2\/pages\/646\/revisions\/866"}],"wp:attachment":[{"href":"https:\/\/pnl-international.com\/en\/wp-json\/wp\/v2\/media?parent=646"}],"curies":[{"name":"wp","href":"https:\/\/api.w.org\/{rel}","templated":true}]}}